{"id":20421,"date":"2025-12-11T13:44:46","date_gmt":"2025-12-11T13:44:46","guid":{"rendered":"https:\/\/sirvoy.com\/?page_id=20421"},"modified":"2025-12-15T02:05:33","modified_gmt":"2025-12-15T02:05:33","slug":"sirvoy-free","status":"publish","type":"page","link":"https:\/\/sirvoy.com\/sv\/sirvoy-free\/","title":{"rendered":"Sirvoy Free"},"content":{"rendered":"","protected":false},"excerpt":{"rendered":"","protected":false},"author":11,"featured_media":0,"parent":0,"menu_order":0,"comment_status":"closed","ping_status":"closed","template":"","meta":{"_acf_changed":false,"inline_featured_image":false,"footnotes":""},"class_list":["post-20421","page","type-page","status-publish","hentry","entry"],"acf":[],"yoast_head":"<!-- This site is optimized with the Yoast SEO plugin v27.1.1 - https:\/\/yoast.com\/product\/yoast-seo-wordpress\/ -->\n<title>Gratis bokningssystem f\u00f6r solov\u00e4rdar \u2013 med direktbokningar | Sirvoy<\/title>\n<meta name=\"description\" content=\"Sirvoy Free ger solov\u00e4rdar ett p\u00e5litligt bokningssystem (PMS), en hemsida f\u00f6r direktbokningar, smarta betalningar och tydlig kommunikation. Perfekt f\u00f6r Airbnb-liknande boenden och uthyrning av ett rum eller enhet.\" \/>\n<meta name=\"robots\" content=\"index, follow, max-snippet:-1, max-image-preview:large, max-video-preview:-1\" \/>\n<link rel=\"canonical\" href=\"https:\/\/sirvoy.com\/sv\/sirvoy-free\/\" \/>\n<meta property=\"og:locale\" content=\"sv_SE\" \/>\n<meta property=\"og:type\" content=\"article\" \/>\n<meta property=\"og:title\" content=\"Gratis bokningssystem f\u00f6r solov\u00e4rdar \u2013 med direktbokningar | Sirvoy\" \/>\n<meta property=\"og:description\" content=\"Sirvoy Free ger solov\u00e4rdar ett p\u00e5litligt bokningssystem (PMS), en hemsida f\u00f6r direktbokningar, smarta betalningar och tydlig kommunikation. Perfekt f\u00f6r Airbnb-liknande boenden och uthyrning av ett rum eller enhet.\" \/>\n<meta property=\"og:url\" content=\"https:\/\/sirvoy.com\/sv\/sirvoy-free\/\" \/>\n<meta property=\"og:site_name\" content=\"sirvoy.com\" \/>\n<meta property=\"article:modified_time\" content=\"2025-12-15T02:05:33+00:00\" \/>\n<meta name=\"twitter:card\" content=\"summary_large_image\" \/>\n<script type=\"application\/ld+json\" class=\"yoast-schema-graph\">{\"@context\":\"https:\/\/schema.org\",\"@graph\":[{\"@type\":\"WebPage\",\"@id\":\"https:\/\/sirvoy.com\/sv\/sirvoy-free\/\",\"url\":\"https:\/\/sirvoy.com\/sv\/sirvoy-free\/\",\"name\":\"Gratis bokningssystem f\u00f6r solov\u00e4rdar \u2013 med direktbokningar | Sirvoy\",\"isPartOf\":{\"@id\":\"https:\/\/sirvoy.com\/sv\/#website\"},\"datePublished\":\"2025-12-11T13:44:46+00:00\",\"dateModified\":\"2025-12-15T02:05:33+00:00\",\"description\":\"Sirvoy Free ger solov\u00e4rdar ett p\u00e5litligt bokningssystem (PMS), en hemsida f\u00f6r direktbokningar, smarta betalningar och tydlig kommunikation. Perfekt f\u00f6r Airbnb-liknande boenden och uthyrning av ett rum eller enhet.\",\"breadcrumb\":{\"@id\":\"https:\/\/sirvoy.com\/sv\/sirvoy-free\/#breadcrumb\"},\"inLanguage\":\"sv-SE\",\"potentialAction\":[{\"@type\":\"ReadAction\",\"target\":[\"https:\/\/sirvoy.com\/sv\/sirvoy-free\/\"]}]},{\"@type\":\"BreadcrumbList\",\"@id\":\"https:\/\/sirvoy.com\/sv\/sirvoy-free\/#breadcrumb\",\"itemListElement\":[{\"@type\":\"ListItem\",\"position\":1,\"name\":\"Home\",\"item\":\"https:\/\/sirvoy.com\/sv\/\"},{\"@type\":\"ListItem\",\"position\":2,\"name\":\"Sirvoy Free\"}]},{\"@type\":\"WebSite\",\"@id\":\"https:\/\/sirvoy.com\/sv\/#website\",\"url\":\"https:\/\/sirvoy.com\/sv\/\",\"name\":\"sirvoy.com\",\"description\":\"\",\"publisher\":{\"@id\":\"https:\/\/sirvoy.com\/sv\/#organization\"},\"potentialAction\":[{\"@type\":\"SearchAction\",\"target\":{\"@type\":\"EntryPoint\",\"urlTemplate\":\"https:\/\/sirvoy.com\/sv\/?s={search_term_string}\"},\"query-input\":{\"@type\":\"PropertyValueSpecification\",\"valueRequired\":true,\"valueName\":\"search_term_string\"}}],\"inLanguage\":\"sv-SE\"},{\"@type\":\"Organization\",\"@id\":\"https:\/\/sirvoy.com\/sv\/#organization\",\"name\":\"sirvoy.com\",\"url\":\"https:\/\/sirvoy.com\/sv\/\",\"logo\":{\"@type\":\"ImageObject\",\"inLanguage\":\"sv-SE\",\"@id\":\"https:\/\/sirvoy.com\/sv\/#\/schema\/logo\/image\/\",\"url\":\"https:\/\/sirvoy.com\/wp-content\/uploads\/2025\/07\/Sirvoy-Logo-RGB.svg\",\"contentUrl\":\"https:\/\/sirvoy.com\/wp-content\/uploads\/2025\/07\/Sirvoy-Logo-RGB.svg\",\"caption\":\"sirvoy.com\"},\"image\":{\"@id\":\"https:\/\/sirvoy.com\/sv\/#\/schema\/logo\/image\/\"}}]}<\/script>\n<!-- \/ Yoast SEO plugin. -->","yoast_head_json":{"title":"Gratis bokningssystem f\u00f6r solov\u00e4rdar \u2013 med direktbokningar | Sirvoy","description":"Sirvoy Free ger solov\u00e4rdar ett p\u00e5litligt bokningssystem (PMS), en hemsida f\u00f6r direktbokningar, smarta betalningar och tydlig kommunikation. Perfekt f\u00f6r Airbnb-liknande boenden och uthyrning av ett rum eller enhet.","robots":{"index":"index","follow":"follow","max-snippet":"max-snippet:-1","max-image-preview":"max-image-preview:large","max-video-preview":"max-video-preview:-1"},"canonical":"https:\/\/sirvoy.com\/sv\/sirvoy-free\/","og_locale":"sv_SE","og_type":"article","og_title":"Gratis bokningssystem f\u00f6r solov\u00e4rdar \u2013 med direktbokningar | Sirvoy","og_description":"Sirvoy Free ger solov\u00e4rdar ett p\u00e5litligt bokningssystem (PMS), en hemsida f\u00f6r direktbokningar, smarta betalningar och tydlig kommunikation. Perfekt f\u00f6r Airbnb-liknande boenden och uthyrning av ett rum eller enhet.","og_url":"https:\/\/sirvoy.com\/sv\/sirvoy-free\/","og_site_name":"sirvoy.com","article_modified_time":"2025-12-15T02:05:33+00:00","twitter_card":"summary_large_image","schema":{"@context":"https:\/\/schema.org","@graph":[{"@type":"WebPage","@id":"https:\/\/sirvoy.com\/sv\/sirvoy-free\/","url":"https:\/\/sirvoy.com\/sv\/sirvoy-free\/","name":"Gratis bokningssystem f\u00f6r solov\u00e4rdar \u2013 med direktbokningar | Sirvoy","isPartOf":{"@id":"https:\/\/sirvoy.com\/sv\/#website"},"datePublished":"2025-12-11T13:44:46+00:00","dateModified":"2025-12-15T02:05:33+00:00","description":"Sirvoy Free ger solov\u00e4rdar ett p\u00e5litligt bokningssystem (PMS), en hemsida f\u00f6r direktbokningar, smarta betalningar och tydlig kommunikation. Perfekt f\u00f6r Airbnb-liknande boenden och uthyrning av ett rum eller enhet.","breadcrumb":{"@id":"https:\/\/sirvoy.com\/sv\/sirvoy-free\/#breadcrumb"},"inLanguage":"sv-SE","potentialAction":[{"@type":"ReadAction","target":["https:\/\/sirvoy.com\/sv\/sirvoy-free\/"]}]},{"@type":"BreadcrumbList","@id":"https:\/\/sirvoy.com\/sv\/sirvoy-free\/#breadcrumb","itemListElement":[{"@type":"ListItem","position":1,"name":"Home","item":"https:\/\/sirvoy.com\/sv\/"},{"@type":"ListItem","position":2,"name":"Sirvoy Free"}]},{"@type":"WebSite","@id":"https:\/\/sirvoy.com\/sv\/#website","url":"https:\/\/sirvoy.com\/sv\/","name":"sirvoy.com","description":"","publisher":{"@id":"https:\/\/sirvoy.com\/sv\/#organization"},"potentialAction":[{"@type":"SearchAction","target":{"@type":"EntryPoint","urlTemplate":"https:\/\/sirvoy.com\/sv\/?s={search_term_string}"},"query-input":{"@type":"PropertyValueSpecification","valueRequired":true,"valueName":"search_term_string"}}],"inLanguage":"sv-SE"},{"@type":"Organization","@id":"https:\/\/sirvoy.com\/sv\/#organization","name":"sirvoy.com","url":"https:\/\/sirvoy.com\/sv\/","logo":{"@type":"ImageObject","inLanguage":"sv-SE","@id":"https:\/\/sirvoy.com\/sv\/#\/schema\/logo\/image\/","url":"https:\/\/sirvoy.com\/wp-content\/uploads\/2025\/07\/Sirvoy-Logo-RGB.svg","contentUrl":"https:\/\/sirvoy.com\/wp-content\/uploads\/2025\/07\/Sirvoy-Logo-RGB.svg","caption":"sirvoy.com"},"image":{"@id":"https:\/\/sirvoy.com\/sv\/#\/schema\/logo\/image\/"}}]}},"_links":{"self":[{"href":"https:\/\/sirvoy.com\/sv\/wp-json\/wp\/v2\/pages\/20421","targetHints":{"allow":["GET"]}}],"collection":[{"href":"https:\/\/sirvoy.com\/sv\/wp-json\/wp\/v2\/pages"}],"about":[{"href":"https:\/\/sirvoy.com\/sv\/wp-json\/wp\/v2\/types\/page"}],"author":[{"embeddable":true,"href":"https:\/\/sirvoy.com\/sv\/wp-json\/wp\/v2\/users\/11"}],"replies":[{"embeddable":true,"href":"https:\/\/sirvoy.com\/sv\/wp-json\/wp\/v2\/comments?post=20421"}],"version-history":[{"count":3,"href":"https:\/\/sirvoy.com\/sv\/wp-json\/wp\/v2\/pages\/20421\/revisions"}],"predecessor-version":[{"id":20893,"href":"https:\/\/sirvoy.com\/sv\/wp-json\/wp\/v2\/pages\/20421\/revisions\/20893"}],"wp:attachment":[{"href":"https:\/\/sirvoy.com\/sv\/wp-json\/wp\/v2\/media?parent=20421"}],"curies":[{"name":"wp","href":"https:\/\/api.w.org\/{rel}","templated":true}]}}