{"id":16446,"date":"2025-03-27T12:28:49","date_gmt":"2025-03-27T12:28:49","guid":{"rendered":"https:\/\/sirvoy.com\/ronneby-brunnspark-success-story\/"},"modified":"2025-08-19T23:04:54","modified_gmt":"2025-08-19T23:04:54","slug":"ronneby-brunnspark-framgangshistoria","status":"publish","type":"page","link":"https:\/\/sirvoy.com\/sv\/ronneby-brunnspark-framgangshistoria\/","title":{"rendered":"Ronneby Brunnspark framg\u00e5ngshistoria"},"content":{"rendered":"","protected":false},"excerpt":{"rendered":"","protected":false},"author":3,"featured_media":0,"parent":0,"menu_order":0,"comment_status":"closed","ping_status":"closed","template":"","meta":{"_acf_changed":false,"inline_featured_image":false,"footnotes":""},"class_list":["post-16446","page","type-page","status-publish","hentry","entry"],"acf":[],"yoast_head":"<!-- This site is optimized with the Yoast SEO plugin v27.1.1 - https:\/\/yoast.com\/product\/yoast-seo-wordpress\/ -->\n<title>Ronneby Brunnsparks framg\u00e5ng: 203 % tillv\u00e4xt med Sirvoy<\/title>\n<meta name=\"description\" content=\"L\u00e4s hur denna svenska B&amp;B gick fr\u00e5n pappersbokningar till en smidig vardag med Sirvoy \u2013 och \u00f6kade tillv\u00e4xten med \u00f6ver 200 %.\" \/>\n<meta name=\"robots\" content=\"index, follow, max-snippet:-1, max-image-preview:large, max-video-preview:-1\" \/>\n<link rel=\"canonical\" href=\"https:\/\/sirvoy.com\/sv\/ronneby-brunnspark-framgangshistoria\/\" \/>\n<meta property=\"og:locale\" content=\"sv_SE\" \/>\n<meta property=\"og:type\" content=\"article\" \/>\n<meta property=\"og:title\" content=\"Ronneby Brunnsparks framg\u00e5ng: 203 % tillv\u00e4xt med Sirvoy\" \/>\n<meta property=\"og:description\" content=\"L\u00e4s hur denna svenska B&amp;B gick fr\u00e5n pappersbokningar till en smidig vardag med Sirvoy \u2013 och \u00f6kade tillv\u00e4xten med \u00f6ver 200 %.\" \/>\n<meta property=\"og:url\" content=\"https:\/\/sirvoy.com\/sv\/ronneby-brunnspark-framgangshistoria\/\" \/>\n<meta property=\"og:site_name\" content=\"sirvoy.com\" \/>\n<meta property=\"article:modified_time\" content=\"2025-08-19T23:04:54+00:00\" \/>\n<meta name=\"twitter:card\" content=\"summary_large_image\" \/>\n<script type=\"application\/ld+json\" class=\"yoast-schema-graph\">{\"@context\":\"https:\/\/schema.org\",\"@graph\":[{\"@type\":\"WebPage\",\"@id\":\"https:\/\/sirvoy.com\/sv\/ronneby-brunnspark-framgangshistoria\/\",\"url\":\"https:\/\/sirvoy.com\/sv\/ronneby-brunnspark-framgangshistoria\/\",\"name\":\"Ronneby Brunnsparks framg\u00e5ng: 203 % tillv\u00e4xt med Sirvoy\",\"isPartOf\":{\"@id\":\"https:\/\/sirvoy.com\/sv\/#website\"},\"datePublished\":\"2025-03-27T12:28:49+00:00\",\"dateModified\":\"2025-08-19T23:04:54+00:00\",\"description\":\"L\u00e4s hur denna svenska B&B gick fr\u00e5n pappersbokningar till en smidig vardag med Sirvoy \u2013 och \u00f6kade tillv\u00e4xten med \u00f6ver 200 %.\",\"breadcrumb\":{\"@id\":\"https:\/\/sirvoy.com\/sv\/ronneby-brunnspark-framgangshistoria\/#breadcrumb\"},\"inLanguage\":\"sv-SE\",\"potentialAction\":[{\"@type\":\"ReadAction\",\"target\":[\"https:\/\/sirvoy.com\/sv\/ronneby-brunnspark-framgangshistoria\/\"]}]},{\"@type\":\"BreadcrumbList\",\"@id\":\"https:\/\/sirvoy.com\/sv\/ronneby-brunnspark-framgangshistoria\/#breadcrumb\",\"itemListElement\":[{\"@type\":\"ListItem\",\"position\":1,\"name\":\"Home\",\"item\":\"https:\/\/sirvoy.com\/sv\/\"},{\"@type\":\"ListItem\",\"position\":2,\"name\":\"Ronneby Brunnspark framg\u00e5ngshistoria\"}]},{\"@type\":\"WebSite\",\"@id\":\"https:\/\/sirvoy.com\/sv\/#website\",\"url\":\"https:\/\/sirvoy.com\/sv\/\",\"name\":\"sirvoy.com\",\"description\":\"\",\"publisher\":{\"@id\":\"https:\/\/sirvoy.com\/sv\/#organization\"},\"potentialAction\":[{\"@type\":\"SearchAction\",\"target\":{\"@type\":\"EntryPoint\",\"urlTemplate\":\"https:\/\/sirvoy.com\/sv\/?s={search_term_string}\"},\"query-input\":{\"@type\":\"PropertyValueSpecification\",\"valueRequired\":true,\"valueName\":\"search_term_string\"}}],\"inLanguage\":\"sv-SE\"},{\"@type\":\"Organization\",\"@id\":\"https:\/\/sirvoy.com\/sv\/#organization\",\"name\":\"sirvoy.com\",\"url\":\"https:\/\/sirvoy.com\/sv\/\",\"logo\":{\"@type\":\"ImageObject\",\"inLanguage\":\"sv-SE\",\"@id\":\"https:\/\/sirvoy.com\/sv\/#\/schema\/logo\/image\/\",\"url\":\"https:\/\/sirvoy.com\/wp-content\/uploads\/2025\/07\/Sirvoy-Logo-RGB.svg\",\"contentUrl\":\"https:\/\/sirvoy.com\/wp-content\/uploads\/2025\/07\/Sirvoy-Logo-RGB.svg\",\"caption\":\"sirvoy.com\"},\"image\":{\"@id\":\"https:\/\/sirvoy.com\/sv\/#\/schema\/logo\/image\/\"}}]}<\/script>\n<!-- \/ Yoast SEO plugin. -->","yoast_head_json":{"title":"Ronneby Brunnsparks framg\u00e5ng: 203 % tillv\u00e4xt med Sirvoy","description":"L\u00e4s hur denna svenska B&B gick fr\u00e5n pappersbokningar till en smidig vardag med Sirvoy \u2013 och \u00f6kade tillv\u00e4xten med \u00f6ver 200 %.","robots":{"index":"index","follow":"follow","max-snippet":"max-snippet:-1","max-image-preview":"max-image-preview:large","max-video-preview":"max-video-preview:-1"},"canonical":"https:\/\/sirvoy.com\/sv\/ronneby-brunnspark-framgangshistoria\/","og_locale":"sv_SE","og_type":"article","og_title":"Ronneby Brunnsparks framg\u00e5ng: 203 % tillv\u00e4xt med Sirvoy","og_description":"L\u00e4s hur denna svenska B&B gick fr\u00e5n pappersbokningar till en smidig vardag med Sirvoy \u2013 och \u00f6kade tillv\u00e4xten med \u00f6ver 200 %.","og_url":"https:\/\/sirvoy.com\/sv\/ronneby-brunnspark-framgangshistoria\/","og_site_name":"sirvoy.com","article_modified_time":"2025-08-19T23:04:54+00:00","twitter_card":"summary_large_image","schema":{"@context":"https:\/\/schema.org","@graph":[{"@type":"WebPage","@id":"https:\/\/sirvoy.com\/sv\/ronneby-brunnspark-framgangshistoria\/","url":"https:\/\/sirvoy.com\/sv\/ronneby-brunnspark-framgangshistoria\/","name":"Ronneby Brunnsparks framg\u00e5ng: 203 % tillv\u00e4xt med Sirvoy","isPartOf":{"@id":"https:\/\/sirvoy.com\/sv\/#website"},"datePublished":"2025-03-27T12:28:49+00:00","dateModified":"2025-08-19T23:04:54+00:00","description":"L\u00e4s hur denna svenska B&B gick fr\u00e5n pappersbokningar till en smidig vardag med Sirvoy \u2013 och \u00f6kade tillv\u00e4xten med \u00f6ver 200 %.","breadcrumb":{"@id":"https:\/\/sirvoy.com\/sv\/ronneby-brunnspark-framgangshistoria\/#breadcrumb"},"inLanguage":"sv-SE","potentialAction":[{"@type":"ReadAction","target":["https:\/\/sirvoy.com\/sv\/ronneby-brunnspark-framgangshistoria\/"]}]},{"@type":"BreadcrumbList","@id":"https:\/\/sirvoy.com\/sv\/ronneby-brunnspark-framgangshistoria\/#breadcrumb","itemListElement":[{"@type":"ListItem","position":1,"name":"Home","item":"https:\/\/sirvoy.com\/sv\/"},{"@type":"ListItem","position":2,"name":"Ronneby Brunnspark framg\u00e5ngshistoria"}]},{"@type":"WebSite","@id":"https:\/\/sirvoy.com\/sv\/#website","url":"https:\/\/sirvoy.com\/sv\/","name":"sirvoy.com","description":"","publisher":{"@id":"https:\/\/sirvoy.com\/sv\/#organization"},"potentialAction":[{"@type":"SearchAction","target":{"@type":"EntryPoint","urlTemplate":"https:\/\/sirvoy.com\/sv\/?s={search_term_string}"},"query-input":{"@type":"PropertyValueSpecification","valueRequired":true,"valueName":"search_term_string"}}],"inLanguage":"sv-SE"},{"@type":"Organization","@id":"https:\/\/sirvoy.com\/sv\/#organization","name":"sirvoy.com","url":"https:\/\/sirvoy.com\/sv\/","logo":{"@type":"ImageObject","inLanguage":"sv-SE","@id":"https:\/\/sirvoy.com\/sv\/#\/schema\/logo\/image\/","url":"https:\/\/sirvoy.com\/wp-content\/uploads\/2025\/07\/Sirvoy-Logo-RGB.svg","contentUrl":"https:\/\/sirvoy.com\/wp-content\/uploads\/2025\/07\/Sirvoy-Logo-RGB.svg","caption":"sirvoy.com"},"image":{"@id":"https:\/\/sirvoy.com\/sv\/#\/schema\/logo\/image\/"}}]}},"_links":{"self":[{"href":"https:\/\/sirvoy.com\/sv\/wp-json\/wp\/v2\/pages\/16446","targetHints":{"allow":["GET"]}}],"collection":[{"href":"https:\/\/sirvoy.com\/sv\/wp-json\/wp\/v2\/pages"}],"about":[{"href":"https:\/\/sirvoy.com\/sv\/wp-json\/wp\/v2\/types\/page"}],"author":[{"embeddable":true,"href":"https:\/\/sirvoy.com\/sv\/wp-json\/wp\/v2\/users\/3"}],"replies":[{"embeddable":true,"href":"https:\/\/sirvoy.com\/sv\/wp-json\/wp\/v2\/comments?post=16446"}],"version-history":[{"count":3,"href":"https:\/\/sirvoy.com\/sv\/wp-json\/wp\/v2\/pages\/16446\/revisions"}],"predecessor-version":[{"id":16822,"href":"https:\/\/sirvoy.com\/sv\/wp-json\/wp\/v2\/pages\/16446\/revisions\/16822"}],"wp:attachment":[{"href":"https:\/\/sirvoy.com\/sv\/wp-json\/wp\/v2\/media?parent=16446"}],"curies":[{"name":"wp","href":"https:\/\/api.w.org\/{rel}","templated":true}]}}