{"id":20419,"date":"2025-12-11T13:44:46","date_gmt":"2025-12-11T13:44:46","guid":{"rendered":"https:\/\/sirvoy.com\/?page_id=20419"},"modified":"2025-12-15T02:03:10","modified_gmt":"2025-12-15T02:03:10","slug":"sirvoy-free","status":"publish","type":"page","link":"https:\/\/sirvoy.com\/no\/sirvoy-free\/","title":{"rendered":"Sirvoy Free"},"content":{"rendered":"","protected":false},"excerpt":{"rendered":"","protected":false},"author":11,"featured_media":0,"parent":0,"menu_order":0,"comment_status":"closed","ping_status":"closed","template":"","meta":{"_acf_changed":false,"inline_featured_image":false,"footnotes":""},"class_list":["post-20419","page","type-page","status-publish","hentry","entry"],"acf":[],"yoast_head":"<!-- This site is optimized with the Yoast SEO plugin v27.1.1 - https:\/\/yoast.com\/product\/yoast-seo-wordpress\/ -->\n<title>Gratis PMS for deg som er vert alene, direktebookinger | Sirvoy<\/title>\n<meta name=\"description\" content=\"Med Sirvoy Free f\u00e5r de som jobber alene som vert, et p\u00e5litelig bookingsystem, en nettside for direktebookinger, smarte betalingsl\u00f8sninger og enkel gjestekommunikasjon. Ideell for Airbnb-utleie og utleie av andre enkeltenheter.\" \/>\n<meta name=\"robots\" content=\"index, follow, max-snippet:-1, max-image-preview:large, max-video-preview:-1\" \/>\n<link rel=\"canonical\" href=\"https:\/\/sirvoy.com\/no\/sirvoy-free\/\" \/>\n<meta property=\"og:locale\" content=\"nb_NO\" \/>\n<meta property=\"og:type\" content=\"article\" \/>\n<meta property=\"og:title\" content=\"Gratis PMS for deg som er vert alene, direktebookinger | Sirvoy\" \/>\n<meta property=\"og:description\" content=\"Med Sirvoy Free f\u00e5r de som jobber alene som vert, et p\u00e5litelig bookingsystem, en nettside for direktebookinger, smarte betalingsl\u00f8sninger og enkel gjestekommunikasjon. Ideell for Airbnb-utleie og utleie av andre enkeltenheter.\" \/>\n<meta property=\"og:url\" content=\"https:\/\/sirvoy.com\/no\/sirvoy-free\/\" \/>\n<meta property=\"og:site_name\" content=\"sirvoy.com\" \/>\n<meta property=\"article:modified_time\" content=\"2025-12-15T02:03:10+00:00\" \/>\n<meta name=\"twitter:card\" content=\"summary_large_image\" \/>\n<script type=\"application\/ld+json\" class=\"yoast-schema-graph\">{\"@context\":\"https:\/\/schema.org\",\"@graph\":[{\"@type\":\"WebPage\",\"@id\":\"https:\/\/sirvoy.com\/no\/sirvoy-free\/\",\"url\":\"https:\/\/sirvoy.com\/no\/sirvoy-free\/\",\"name\":\"Gratis PMS for deg som er vert alene, direktebookinger | Sirvoy\",\"isPartOf\":{\"@id\":\"https:\/\/sirvoy.com\/no\/#website\"},\"datePublished\":\"2025-12-11T13:44:46+00:00\",\"dateModified\":\"2025-12-15T02:03:10+00:00\",\"description\":\"Med Sirvoy Free f\u00e5r de som jobber alene som vert, et p\u00e5litelig bookingsystem, en nettside for direktebookinger, smarte betalingsl\u00f8sninger og enkel gjestekommunikasjon. Ideell for Airbnb-utleie og utleie av andre enkeltenheter.\",\"breadcrumb\":{\"@id\":\"https:\/\/sirvoy.com\/no\/sirvoy-free\/#breadcrumb\"},\"inLanguage\":\"nb-NO\",\"potentialAction\":[{\"@type\":\"ReadAction\",\"target\":[\"https:\/\/sirvoy.com\/no\/sirvoy-free\/\"]}]},{\"@type\":\"BreadcrumbList\",\"@id\":\"https:\/\/sirvoy.com\/no\/sirvoy-free\/#breadcrumb\",\"itemListElement\":[{\"@type\":\"ListItem\",\"position\":1,\"name\":\"Home\",\"item\":\"https:\/\/sirvoy.com\/no\/\"},{\"@type\":\"ListItem\",\"position\":2,\"name\":\"Sirvoy Free\"}]},{\"@type\":\"WebSite\",\"@id\":\"https:\/\/sirvoy.com\/no\/#website\",\"url\":\"https:\/\/sirvoy.com\/no\/\",\"name\":\"sirvoy.com\",\"description\":\"\",\"publisher\":{\"@id\":\"https:\/\/sirvoy.com\/no\/#organization\"},\"potentialAction\":[{\"@type\":\"SearchAction\",\"target\":{\"@type\":\"EntryPoint\",\"urlTemplate\":\"https:\/\/sirvoy.com\/no\/?s={search_term_string}\"},\"query-input\":{\"@type\":\"PropertyValueSpecification\",\"valueRequired\":true,\"valueName\":\"search_term_string\"}}],\"inLanguage\":\"nb-NO\"},{\"@type\":\"Organization\",\"@id\":\"https:\/\/sirvoy.com\/no\/#organization\",\"name\":\"sirvoy.com\",\"url\":\"https:\/\/sirvoy.com\/no\/\",\"logo\":{\"@type\":\"ImageObject\",\"inLanguage\":\"nb-NO\",\"@id\":\"https:\/\/sirvoy.com\/no\/#\/schema\/logo\/image\/\",\"url\":\"https:\/\/sirvoy.com\/wp-content\/uploads\/2025\/07\/Sirvoy-Logo-RGB.svg\",\"contentUrl\":\"https:\/\/sirvoy.com\/wp-content\/uploads\/2025\/07\/Sirvoy-Logo-RGB.svg\",\"caption\":\"sirvoy.com\"},\"image\":{\"@id\":\"https:\/\/sirvoy.com\/no\/#\/schema\/logo\/image\/\"}}]}<\/script>\n<!-- \/ Yoast SEO plugin. -->","yoast_head_json":{"title":"Gratis PMS for deg som er vert alene, direktebookinger | Sirvoy","description":"Med Sirvoy Free f\u00e5r de som jobber alene som vert, et p\u00e5litelig bookingsystem, en nettside for direktebookinger, smarte betalingsl\u00f8sninger og enkel gjestekommunikasjon. Ideell for Airbnb-utleie og utleie av andre enkeltenheter.","robots":{"index":"index","follow":"follow","max-snippet":"max-snippet:-1","max-image-preview":"max-image-preview:large","max-video-preview":"max-video-preview:-1"},"canonical":"https:\/\/sirvoy.com\/no\/sirvoy-free\/","og_locale":"nb_NO","og_type":"article","og_title":"Gratis PMS for deg som er vert alene, direktebookinger | Sirvoy","og_description":"Med Sirvoy Free f\u00e5r de som jobber alene som vert, et p\u00e5litelig bookingsystem, en nettside for direktebookinger, smarte betalingsl\u00f8sninger og enkel gjestekommunikasjon. Ideell for Airbnb-utleie og utleie av andre enkeltenheter.","og_url":"https:\/\/sirvoy.com\/no\/sirvoy-free\/","og_site_name":"sirvoy.com","article_modified_time":"2025-12-15T02:03:10+00:00","twitter_card":"summary_large_image","schema":{"@context":"https:\/\/schema.org","@graph":[{"@type":"WebPage","@id":"https:\/\/sirvoy.com\/no\/sirvoy-free\/","url":"https:\/\/sirvoy.com\/no\/sirvoy-free\/","name":"Gratis PMS for deg som er vert alene, direktebookinger | Sirvoy","isPartOf":{"@id":"https:\/\/sirvoy.com\/no\/#website"},"datePublished":"2025-12-11T13:44:46+00:00","dateModified":"2025-12-15T02:03:10+00:00","description":"Med Sirvoy Free f\u00e5r de som jobber alene som vert, et p\u00e5litelig bookingsystem, en nettside for direktebookinger, smarte betalingsl\u00f8sninger og enkel gjestekommunikasjon. Ideell for Airbnb-utleie og utleie av andre enkeltenheter.","breadcrumb":{"@id":"https:\/\/sirvoy.com\/no\/sirvoy-free\/#breadcrumb"},"inLanguage":"nb-NO","potentialAction":[{"@type":"ReadAction","target":["https:\/\/sirvoy.com\/no\/sirvoy-free\/"]}]},{"@type":"BreadcrumbList","@id":"https:\/\/sirvoy.com\/no\/sirvoy-free\/#breadcrumb","itemListElement":[{"@type":"ListItem","position":1,"name":"Home","item":"https:\/\/sirvoy.com\/no\/"},{"@type":"ListItem","position":2,"name":"Sirvoy Free"}]},{"@type":"WebSite","@id":"https:\/\/sirvoy.com\/no\/#website","url":"https:\/\/sirvoy.com\/no\/","name":"sirvoy.com","description":"","publisher":{"@id":"https:\/\/sirvoy.com\/no\/#organization"},"potentialAction":[{"@type":"SearchAction","target":{"@type":"EntryPoint","urlTemplate":"https:\/\/sirvoy.com\/no\/?s={search_term_string}"},"query-input":{"@type":"PropertyValueSpecification","valueRequired":true,"valueName":"search_term_string"}}],"inLanguage":"nb-NO"},{"@type":"Organization","@id":"https:\/\/sirvoy.com\/no\/#organization","name":"sirvoy.com","url":"https:\/\/sirvoy.com\/no\/","logo":{"@type":"ImageObject","inLanguage":"nb-NO","@id":"https:\/\/sirvoy.com\/no\/#\/schema\/logo\/image\/","url":"https:\/\/sirvoy.com\/wp-content\/uploads\/2025\/07\/Sirvoy-Logo-RGB.svg","contentUrl":"https:\/\/sirvoy.com\/wp-content\/uploads\/2025\/07\/Sirvoy-Logo-RGB.svg","caption":"sirvoy.com"},"image":{"@id":"https:\/\/sirvoy.com\/no\/#\/schema\/logo\/image\/"}}]}},"_links":{"self":[{"href":"https:\/\/sirvoy.com\/no\/wp-json\/wp\/v2\/pages\/20419","targetHints":{"allow":["GET"]}}],"collection":[{"href":"https:\/\/sirvoy.com\/no\/wp-json\/wp\/v2\/pages"}],"about":[{"href":"https:\/\/sirvoy.com\/no\/wp-json\/wp\/v2\/types\/page"}],"author":[{"embeddable":true,"href":"https:\/\/sirvoy.com\/no\/wp-json\/wp\/v2\/users\/11"}],"replies":[{"embeddable":true,"href":"https:\/\/sirvoy.com\/no\/wp-json\/wp\/v2\/comments?post=20419"}],"version-history":[{"count":3,"href":"https:\/\/sirvoy.com\/no\/wp-json\/wp\/v2\/pages\/20419\/revisions"}],"predecessor-version":[{"id":20891,"href":"https:\/\/sirvoy.com\/no\/wp-json\/wp\/v2\/pages\/20419\/revisions\/20891"}],"wp:attachment":[{"href":"https:\/\/sirvoy.com\/no\/wp-json\/wp\/v2\/media?parent=20419"}],"curies":[{"name":"wp","href":"https:\/\/api.w.org\/{rel}","templated":true}]}}