{"id":8578,"date":"2025-03-27T15:56:02","date_gmt":"2025-03-27T15:56:02","guid":{"rendered":"https:\/\/sirvoy.com\/payment-processing\/"},"modified":"2025-11-11T22:45:51","modified_gmt":"2025-11-11T22:45:51","slug":"traitement-des-paiements","status":"publish","type":"page","link":"https:\/\/sirvoy.com\/fr\/traitement-des-paiements\/","title":{"rendered":"Traitement des paiements"},"content":{"rendered":"","protected":false},"excerpt":{"rendered":"","protected":false},"author":4,"featured_media":0,"parent":0,"menu_order":0,"comment_status":"closed","ping_status":"closed","template":"","meta":{"_acf_changed":false,"inline_featured_image":false,"footnotes":""},"class_list":["post-8578","page","type-page","status-publish","hentry","entry"],"acf":[],"yoast_head":"<!-- This site is optimized with the Yoast SEO plugin v27.1.1 - https:\/\/yoast.com\/product\/yoast-seo-wordpress\/ -->\n<title>Des paiements simples et pens\u00e9s pour l\u2019h\u00f4tellerie | Sirvoy<\/title>\n<meta name=\"description\" content=\"Encaissez sans stress avec Sirvoy. Acceptez les cartes, automatisez les r\u00e8glements et g\u00e9rez tout depuis un seul tableau de bord.\" \/>\n<meta name=\"robots\" content=\"index, follow, max-snippet:-1, max-image-preview:large, max-video-preview:-1\" \/>\n<link rel=\"canonical\" href=\"https:\/\/sirvoy.com\/fr\/traitement-des-paiements\/\" \/>\n<meta property=\"og:locale\" content=\"fr_FR\" \/>\n<meta property=\"og:type\" content=\"article\" \/>\n<meta property=\"og:title\" content=\"Des paiements simples et pens\u00e9s pour l\u2019h\u00f4tellerie | Sirvoy\" \/>\n<meta property=\"og:description\" content=\"Encaissez sans stress avec Sirvoy. Acceptez les cartes, automatisez les r\u00e8glements et g\u00e9rez tout depuis un seul tableau de bord.\" \/>\n<meta property=\"og:url\" content=\"https:\/\/sirvoy.com\/fr\/traitement-des-paiements\/\" \/>\n<meta property=\"og:site_name\" content=\"sirvoy.com\" \/>\n<meta property=\"article:modified_time\" content=\"2025-11-11T22:45:51+00:00\" \/>\n<meta name=\"twitter:card\" content=\"summary_large_image\" \/>\n<script type=\"application\/ld+json\" class=\"yoast-schema-graph\">{\"@context\":\"https:\/\/schema.org\",\"@graph\":[{\"@type\":\"WebPage\",\"@id\":\"https:\/\/sirvoy.com\/fr\/traitement-des-paiements\/\",\"url\":\"https:\/\/sirvoy.com\/fr\/traitement-des-paiements\/\",\"name\":\"Des paiements simples et pens\u00e9s pour l\u2019h\u00f4tellerie | Sirvoy\",\"isPartOf\":{\"@id\":\"https:\/\/sirvoy.com\/fr\/#website\"},\"datePublished\":\"2025-03-27T15:56:02+00:00\",\"dateModified\":\"2025-11-11T22:45:51+00:00\",\"description\":\"Encaissez sans stress avec Sirvoy. Acceptez les cartes, automatisez les r\u00e8glements et g\u00e9rez tout depuis un seul tableau de bord.\",\"breadcrumb\":{\"@id\":\"https:\/\/sirvoy.com\/fr\/traitement-des-paiements\/#breadcrumb\"},\"inLanguage\":\"fr-FR\",\"potentialAction\":[{\"@type\":\"ReadAction\",\"target\":[\"https:\/\/sirvoy.com\/fr\/traitement-des-paiements\/\"]}]},{\"@type\":\"BreadcrumbList\",\"@id\":\"https:\/\/sirvoy.com\/fr\/traitement-des-paiements\/#breadcrumb\",\"itemListElement\":[{\"@type\":\"ListItem\",\"position\":1,\"name\":\"Home\",\"item\":\"https:\/\/sirvoy.com\/fr\/\"},{\"@type\":\"ListItem\",\"position\":2,\"name\":\"Traitement des paiements\"}]},{\"@type\":\"WebSite\",\"@id\":\"https:\/\/sirvoy.com\/fr\/#website\",\"url\":\"https:\/\/sirvoy.com\/fr\/\",\"name\":\"sirvoy.com\",\"description\":\"\",\"publisher\":{\"@id\":\"https:\/\/sirvoy.com\/fr\/#organization\"},\"potentialAction\":[{\"@type\":\"SearchAction\",\"target\":{\"@type\":\"EntryPoint\",\"urlTemplate\":\"https:\/\/sirvoy.com\/fr\/?s={search_term_string}\"},\"query-input\":{\"@type\":\"PropertyValueSpecification\",\"valueRequired\":true,\"valueName\":\"search_term_string\"}}],\"inLanguage\":\"fr-FR\"},{\"@type\":\"Organization\",\"@id\":\"https:\/\/sirvoy.com\/fr\/#organization\",\"name\":\"sirvoy.com\",\"url\":\"https:\/\/sirvoy.com\/fr\/\",\"logo\":{\"@type\":\"ImageObject\",\"inLanguage\":\"fr-FR\",\"@id\":\"https:\/\/sirvoy.com\/fr\/#\/schema\/logo\/image\/\",\"url\":\"https:\/\/sirvoy.com\/wp-content\/uploads\/2025\/07\/Sirvoy-Logo-RGB.svg\",\"contentUrl\":\"https:\/\/sirvoy.com\/wp-content\/uploads\/2025\/07\/Sirvoy-Logo-RGB.svg\",\"caption\":\"sirvoy.com\"},\"image\":{\"@id\":\"https:\/\/sirvoy.com\/fr\/#\/schema\/logo\/image\/\"}}]}<\/script>\n<!-- \/ Yoast SEO plugin. -->","yoast_head_json":{"title":"Des paiements simples et pens\u00e9s pour l\u2019h\u00f4tellerie | Sirvoy","description":"Encaissez sans stress avec Sirvoy. Acceptez les cartes, automatisez les r\u00e8glements et g\u00e9rez tout depuis un seul tableau de bord.","robots":{"index":"index","follow":"follow","max-snippet":"max-snippet:-1","max-image-preview":"max-image-preview:large","max-video-preview":"max-video-preview:-1"},"canonical":"https:\/\/sirvoy.com\/fr\/traitement-des-paiements\/","og_locale":"fr_FR","og_type":"article","og_title":"Des paiements simples et pens\u00e9s pour l\u2019h\u00f4tellerie | Sirvoy","og_description":"Encaissez sans stress avec Sirvoy. Acceptez les cartes, automatisez les r\u00e8glements et g\u00e9rez tout depuis un seul tableau de bord.","og_url":"https:\/\/sirvoy.com\/fr\/traitement-des-paiements\/","og_site_name":"sirvoy.com","article_modified_time":"2025-11-11T22:45:51+00:00","twitter_card":"summary_large_image","schema":{"@context":"https:\/\/schema.org","@graph":[{"@type":"WebPage","@id":"https:\/\/sirvoy.com\/fr\/traitement-des-paiements\/","url":"https:\/\/sirvoy.com\/fr\/traitement-des-paiements\/","name":"Des paiements simples et pens\u00e9s pour l\u2019h\u00f4tellerie | Sirvoy","isPartOf":{"@id":"https:\/\/sirvoy.com\/fr\/#website"},"datePublished":"2025-03-27T15:56:02+00:00","dateModified":"2025-11-11T22:45:51+00:00","description":"Encaissez sans stress avec Sirvoy. Acceptez les cartes, automatisez les r\u00e8glements et g\u00e9rez tout depuis un seul tableau de bord.","breadcrumb":{"@id":"https:\/\/sirvoy.com\/fr\/traitement-des-paiements\/#breadcrumb"},"inLanguage":"fr-FR","potentialAction":[{"@type":"ReadAction","target":["https:\/\/sirvoy.com\/fr\/traitement-des-paiements\/"]}]},{"@type":"BreadcrumbList","@id":"https:\/\/sirvoy.com\/fr\/traitement-des-paiements\/#breadcrumb","itemListElement":[{"@type":"ListItem","position":1,"name":"Home","item":"https:\/\/sirvoy.com\/fr\/"},{"@type":"ListItem","position":2,"name":"Traitement des paiements"}]},{"@type":"WebSite","@id":"https:\/\/sirvoy.com\/fr\/#website","url":"https:\/\/sirvoy.com\/fr\/","name":"sirvoy.com","description":"","publisher":{"@id":"https:\/\/sirvoy.com\/fr\/#organization"},"potentialAction":[{"@type":"SearchAction","target":{"@type":"EntryPoint","urlTemplate":"https:\/\/sirvoy.com\/fr\/?s={search_term_string}"},"query-input":{"@type":"PropertyValueSpecification","valueRequired":true,"valueName":"search_term_string"}}],"inLanguage":"fr-FR"},{"@type":"Organization","@id":"https:\/\/sirvoy.com\/fr\/#organization","name":"sirvoy.com","url":"https:\/\/sirvoy.com\/fr\/","logo":{"@type":"ImageObject","inLanguage":"fr-FR","@id":"https:\/\/sirvoy.com\/fr\/#\/schema\/logo\/image\/","url":"https:\/\/sirvoy.com\/wp-content\/uploads\/2025\/07\/Sirvoy-Logo-RGB.svg","contentUrl":"https:\/\/sirvoy.com\/wp-content\/uploads\/2025\/07\/Sirvoy-Logo-RGB.svg","caption":"sirvoy.com"},"image":{"@id":"https:\/\/sirvoy.com\/fr\/#\/schema\/logo\/image\/"}}]}},"_links":{"self":[{"href":"https:\/\/sirvoy.com\/fr\/wp-json\/wp\/v2\/pages\/8578","targetHints":{"allow":["GET"]}}],"collection":[{"href":"https:\/\/sirvoy.com\/fr\/wp-json\/wp\/v2\/pages"}],"about":[{"href":"https:\/\/sirvoy.com\/fr\/wp-json\/wp\/v2\/types\/page"}],"author":[{"embeddable":true,"href":"https:\/\/sirvoy.com\/fr\/wp-json\/wp\/v2\/users\/4"}],"replies":[{"embeddable":true,"href":"https:\/\/sirvoy.com\/fr\/wp-json\/wp\/v2\/comments?post=8578"}],"version-history":[{"count":4,"href":"https:\/\/sirvoy.com\/fr\/wp-json\/wp\/v2\/pages\/8578\/revisions"}],"predecessor-version":[{"id":19682,"href":"https:\/\/sirvoy.com\/fr\/wp-json\/wp\/v2\/pages\/8578\/revisions\/19682"}],"wp:attachment":[{"href":"https:\/\/sirvoy.com\/fr\/wp-json\/wp\/v2\/media?parent=8578"}],"curies":[{"name":"wp","href":"https:\/\/api.w.org\/{rel}","templated":true}]}}