{"id":7848,"date":"2025-04-11T11:17:52","date_gmt":"2025-04-11T11:17:52","guid":{"rendered":"https:\/\/sirvoy.com\/channel-manager\/"},"modified":"2025-12-17T17:20:11","modified_gmt":"2025-12-17T17:20:11","slug":"gestionnaire-de-canaux","status":"publish","type":"page","link":"https:\/\/sirvoy.com\/fr\/gestionnaire-de-canaux\/","title":{"rendered":"Gestionnaire de canaux"},"content":{"rendered":"","protected":false},"excerpt":{"rendered":"","protected":false},"author":4,"featured_media":0,"parent":0,"menu_order":0,"comment_status":"closed","ping_status":"closed","template":"","meta":{"_acf_changed":false,"inline_featured_image":false,"footnotes":""},"class_list":["post-7848","page","type-page","status-publish","hentry","entry"],"acf":[],"yoast_head":"<!-- This site is optimized with the Yoast SEO plugin v27.1.1 - https:\/\/yoast.com\/product\/yoast-seo-wordpress\/ -->\n<title>G\u00e9rez tous vos gestionnaire de canaux au m\u00eame endroit | Sirvoy<\/title>\n<meta name=\"description\" content=\"Gardez vos disponibilit\u00e9s et tarifs synchronis\u00e9s sur les principales OTA avec le Channel Manager de Sirvoy. Sans commission suppl\u00e9mentaire, sans tracas.\" \/>\n<meta name=\"robots\" content=\"index, follow, max-snippet:-1, max-image-preview:large, max-video-preview:-1\" \/>\n<link rel=\"canonical\" href=\"https:\/\/sirvoy.com\/fr\/gestionnaire-de-canaux\/\" \/>\n<meta property=\"og:locale\" content=\"fr_FR\" \/>\n<meta property=\"og:type\" content=\"article\" \/>\n<meta property=\"og:title\" content=\"G\u00e9rez tous vos gestionnaire de canaux au m\u00eame endroit | Sirvoy\" \/>\n<meta property=\"og:description\" content=\"Gardez vos disponibilit\u00e9s et tarifs synchronis\u00e9s sur les principales OTA avec le Channel Manager de Sirvoy. Sans commission suppl\u00e9mentaire, sans tracas.\" \/>\n<meta property=\"og:url\" content=\"https:\/\/sirvoy.com\/fr\/gestionnaire-de-canaux\/\" \/>\n<meta property=\"og:site_name\" content=\"sirvoy.com\" \/>\n<meta property=\"article:modified_time\" content=\"2025-12-17T17:20:11+00:00\" \/>\n<meta name=\"twitter:card\" content=\"summary_large_image\" \/>\n<script type=\"application\/ld+json\" class=\"yoast-schema-graph\">{\"@context\":\"https:\/\/schema.org\",\"@graph\":[{\"@type\":\"WebPage\",\"@id\":\"https:\/\/sirvoy.com\/fr\/gestionnaire-de-canaux\/\",\"url\":\"https:\/\/sirvoy.com\/fr\/gestionnaire-de-canaux\/\",\"name\":\"G\u00e9rez tous vos gestionnaire de canaux au m\u00eame endroit | Sirvoy\",\"isPartOf\":{\"@id\":\"https:\/\/sirvoy.com\/fr\/#website\"},\"datePublished\":\"2025-04-11T11:17:52+00:00\",\"dateModified\":\"2025-12-17T17:20:11+00:00\",\"description\":\"Gardez vos disponibilit\u00e9s et tarifs synchronis\u00e9s sur les principales OTA avec le Channel Manager de Sirvoy. Sans commission suppl\u00e9mentaire, sans tracas.\",\"breadcrumb\":{\"@id\":\"https:\/\/sirvoy.com\/fr\/gestionnaire-de-canaux\/#breadcrumb\"},\"inLanguage\":\"fr-FR\",\"potentialAction\":[{\"@type\":\"ReadAction\",\"target\":[\"https:\/\/sirvoy.com\/fr\/gestionnaire-de-canaux\/\"]}]},{\"@type\":\"BreadcrumbList\",\"@id\":\"https:\/\/sirvoy.com\/fr\/gestionnaire-de-canaux\/#breadcrumb\",\"itemListElement\":[{\"@type\":\"ListItem\",\"position\":1,\"name\":\"Home\",\"item\":\"https:\/\/sirvoy.com\/fr\/\"},{\"@type\":\"ListItem\",\"position\":2,\"name\":\"Gestionnaire de canaux\"}]},{\"@type\":\"WebSite\",\"@id\":\"https:\/\/sirvoy.com\/fr\/#website\",\"url\":\"https:\/\/sirvoy.com\/fr\/\",\"name\":\"sirvoy.com\",\"description\":\"\",\"publisher\":{\"@id\":\"https:\/\/sirvoy.com\/fr\/#organization\"},\"potentialAction\":[{\"@type\":\"SearchAction\",\"target\":{\"@type\":\"EntryPoint\",\"urlTemplate\":\"https:\/\/sirvoy.com\/fr\/?s={search_term_string}\"},\"query-input\":{\"@type\":\"PropertyValueSpecification\",\"valueRequired\":true,\"valueName\":\"search_term_string\"}}],\"inLanguage\":\"fr-FR\"},{\"@type\":\"Organization\",\"@id\":\"https:\/\/sirvoy.com\/fr\/#organization\",\"name\":\"sirvoy.com\",\"url\":\"https:\/\/sirvoy.com\/fr\/\",\"logo\":{\"@type\":\"ImageObject\",\"inLanguage\":\"fr-FR\",\"@id\":\"https:\/\/sirvoy.com\/fr\/#\/schema\/logo\/image\/\",\"url\":\"https:\/\/sirvoy.com\/wp-content\/uploads\/2025\/07\/Sirvoy-Logo-RGB.svg\",\"contentUrl\":\"https:\/\/sirvoy.com\/wp-content\/uploads\/2025\/07\/Sirvoy-Logo-RGB.svg\",\"caption\":\"sirvoy.com\"},\"image\":{\"@id\":\"https:\/\/sirvoy.com\/fr\/#\/schema\/logo\/image\/\"}}]}<\/script>\n<!-- \/ Yoast SEO plugin. -->","yoast_head_json":{"title":"G\u00e9rez tous vos gestionnaire de canaux au m\u00eame endroit | Sirvoy","description":"Gardez vos disponibilit\u00e9s et tarifs synchronis\u00e9s sur les principales OTA avec le Channel Manager de Sirvoy. Sans commission suppl\u00e9mentaire, sans tracas.","robots":{"index":"index","follow":"follow","max-snippet":"max-snippet:-1","max-image-preview":"max-image-preview:large","max-video-preview":"max-video-preview:-1"},"canonical":"https:\/\/sirvoy.com\/fr\/gestionnaire-de-canaux\/","og_locale":"fr_FR","og_type":"article","og_title":"G\u00e9rez tous vos gestionnaire de canaux au m\u00eame endroit | Sirvoy","og_description":"Gardez vos disponibilit\u00e9s et tarifs synchronis\u00e9s sur les principales OTA avec le Channel Manager de Sirvoy. Sans commission suppl\u00e9mentaire, sans tracas.","og_url":"https:\/\/sirvoy.com\/fr\/gestionnaire-de-canaux\/","og_site_name":"sirvoy.com","article_modified_time":"2025-12-17T17:20:11+00:00","twitter_card":"summary_large_image","schema":{"@context":"https:\/\/schema.org","@graph":[{"@type":"WebPage","@id":"https:\/\/sirvoy.com\/fr\/gestionnaire-de-canaux\/","url":"https:\/\/sirvoy.com\/fr\/gestionnaire-de-canaux\/","name":"G\u00e9rez tous vos gestionnaire de canaux au m\u00eame endroit | Sirvoy","isPartOf":{"@id":"https:\/\/sirvoy.com\/fr\/#website"},"datePublished":"2025-04-11T11:17:52+00:00","dateModified":"2025-12-17T17:20:11+00:00","description":"Gardez vos disponibilit\u00e9s et tarifs synchronis\u00e9s sur les principales OTA avec le Channel Manager de Sirvoy. Sans commission suppl\u00e9mentaire, sans tracas.","breadcrumb":{"@id":"https:\/\/sirvoy.com\/fr\/gestionnaire-de-canaux\/#breadcrumb"},"inLanguage":"fr-FR","potentialAction":[{"@type":"ReadAction","target":["https:\/\/sirvoy.com\/fr\/gestionnaire-de-canaux\/"]}]},{"@type":"BreadcrumbList","@id":"https:\/\/sirvoy.com\/fr\/gestionnaire-de-canaux\/#breadcrumb","itemListElement":[{"@type":"ListItem","position":1,"name":"Home","item":"https:\/\/sirvoy.com\/fr\/"},{"@type":"ListItem","position":2,"name":"Gestionnaire de canaux"}]},{"@type":"WebSite","@id":"https:\/\/sirvoy.com\/fr\/#website","url":"https:\/\/sirvoy.com\/fr\/","name":"sirvoy.com","description":"","publisher":{"@id":"https:\/\/sirvoy.com\/fr\/#organization"},"potentialAction":[{"@type":"SearchAction","target":{"@type":"EntryPoint","urlTemplate":"https:\/\/sirvoy.com\/fr\/?s={search_term_string}"},"query-input":{"@type":"PropertyValueSpecification","valueRequired":true,"valueName":"search_term_string"}}],"inLanguage":"fr-FR"},{"@type":"Organization","@id":"https:\/\/sirvoy.com\/fr\/#organization","name":"sirvoy.com","url":"https:\/\/sirvoy.com\/fr\/","logo":{"@type":"ImageObject","inLanguage":"fr-FR","@id":"https:\/\/sirvoy.com\/fr\/#\/schema\/logo\/image\/","url":"https:\/\/sirvoy.com\/wp-content\/uploads\/2025\/07\/Sirvoy-Logo-RGB.svg","contentUrl":"https:\/\/sirvoy.com\/wp-content\/uploads\/2025\/07\/Sirvoy-Logo-RGB.svg","caption":"sirvoy.com"},"image":{"@id":"https:\/\/sirvoy.com\/fr\/#\/schema\/logo\/image\/"}}]}},"_links":{"self":[{"href":"https:\/\/sirvoy.com\/fr\/wp-json\/wp\/v2\/pages\/7848","targetHints":{"allow":["GET"]}}],"collection":[{"href":"https:\/\/sirvoy.com\/fr\/wp-json\/wp\/v2\/pages"}],"about":[{"href":"https:\/\/sirvoy.com\/fr\/wp-json\/wp\/v2\/types\/page"}],"author":[{"embeddable":true,"href":"https:\/\/sirvoy.com\/fr\/wp-json\/wp\/v2\/users\/4"}],"replies":[{"embeddable":true,"href":"https:\/\/sirvoy.com\/fr\/wp-json\/wp\/v2\/comments?post=7848"}],"version-history":[{"count":23,"href":"https:\/\/sirvoy.com\/fr\/wp-json\/wp\/v2\/pages\/7848\/revisions"}],"predecessor-version":[{"id":21042,"href":"https:\/\/sirvoy.com\/fr\/wp-json\/wp\/v2\/pages\/7848\/revisions\/21042"}],"wp:attachment":[{"href":"https:\/\/sirvoy.com\/fr\/wp-json\/wp\/v2\/media?parent=7848"}],"curies":[{"name":"wp","href":"https:\/\/api.w.org\/{rel}","templated":true}]}}