{"id":20417,"date":"2025-12-11T13:44:46","date_gmt":"2025-12-11T13:44:46","guid":{"rendered":"https:\/\/sirvoy.com\/?page_id=20417"},"modified":"2025-12-15T02:00:38","modified_gmt":"2025-12-15T02:00:38","slug":"sirvoy-free","status":"publish","type":"page","link":"https:\/\/sirvoy.com\/fr\/sirvoy-free\/","title":{"rendered":"Sirvoy Free"},"content":{"rendered":"","protected":false},"excerpt":{"rendered":"","protected":false},"author":11,"featured_media":0,"parent":0,"menu_order":0,"comment_status":"closed","ping_status":"closed","template":"","meta":{"_acf_changed":false,"inline_featured_image":false,"footnotes":""},"class_list":["post-20417","page","type-page","status-publish","hentry","entry"],"acf":[],"yoast_head":"<!-- This site is optimized with the Yoast SEO plugin v27.1.1 - https:\/\/yoast.com\/product\/yoast-seo-wordpress\/ -->\n<title>PMS gratuit pour h\u00f4tes individuels avec r\u00e9servations directes | Sirvoy<\/title>\n<meta name=\"description\" content=\"Sirvoy Free offre aux h\u00f4tes individuels un PMS de confiance, un site Web de r\u00e9servation directe, des paiements intelligents et une communication claire avec les clients. Id\u00e9al pour les locations de type Airbnb et les locations d&#039;une seule unit\u00e9.\" \/>\n<meta name=\"robots\" content=\"index, follow, max-snippet:-1, max-image-preview:large, max-video-preview:-1\" \/>\n<link rel=\"canonical\" href=\"https:\/\/sirvoy.com\/fr\/sirvoy-free\/\" \/>\n<meta property=\"og:locale\" content=\"fr_FR\" \/>\n<meta property=\"og:type\" content=\"article\" \/>\n<meta property=\"og:title\" content=\"PMS gratuit pour h\u00f4tes individuels avec r\u00e9servations directes | Sirvoy\" \/>\n<meta property=\"og:description\" content=\"Sirvoy Free offre aux h\u00f4tes individuels un PMS de confiance, un site Web de r\u00e9servation directe, des paiements intelligents et une communication claire avec les clients. Id\u00e9al pour les locations de type Airbnb et les locations d&#039;une seule unit\u00e9.\" \/>\n<meta property=\"og:url\" content=\"https:\/\/sirvoy.com\/fr\/sirvoy-free\/\" \/>\n<meta property=\"og:site_name\" content=\"sirvoy.com\" \/>\n<meta property=\"article:modified_time\" content=\"2025-12-15T02:00:38+00:00\" \/>\n<meta name=\"twitter:card\" content=\"summary_large_image\" \/>\n<script type=\"application\/ld+json\" class=\"yoast-schema-graph\">{\"@context\":\"https:\/\/schema.org\",\"@graph\":[{\"@type\":\"WebPage\",\"@id\":\"https:\/\/sirvoy.com\/fr\/sirvoy-free\/\",\"url\":\"https:\/\/sirvoy.com\/fr\/sirvoy-free\/\",\"name\":\"PMS gratuit pour h\u00f4tes individuels avec r\u00e9servations directes | Sirvoy\",\"isPartOf\":{\"@id\":\"https:\/\/sirvoy.com\/fr\/#website\"},\"datePublished\":\"2025-12-11T13:44:46+00:00\",\"dateModified\":\"2025-12-15T02:00:38+00:00\",\"description\":\"Sirvoy Free offre aux h\u00f4tes individuels un PMS de confiance, un site Web de r\u00e9servation directe, des paiements intelligents et une communication claire avec les clients. Id\u00e9al pour les locations de type Airbnb et les locations d'une seule unit\u00e9.\",\"breadcrumb\":{\"@id\":\"https:\/\/sirvoy.com\/fr\/sirvoy-free\/#breadcrumb\"},\"inLanguage\":\"fr-FR\",\"potentialAction\":[{\"@type\":\"ReadAction\",\"target\":[\"https:\/\/sirvoy.com\/fr\/sirvoy-free\/\"]}]},{\"@type\":\"BreadcrumbList\",\"@id\":\"https:\/\/sirvoy.com\/fr\/sirvoy-free\/#breadcrumb\",\"itemListElement\":[{\"@type\":\"ListItem\",\"position\":1,\"name\":\"Home\",\"item\":\"https:\/\/sirvoy.com\/fr\/\"},{\"@type\":\"ListItem\",\"position\":2,\"name\":\"Sirvoy Free\"}]},{\"@type\":\"WebSite\",\"@id\":\"https:\/\/sirvoy.com\/fr\/#website\",\"url\":\"https:\/\/sirvoy.com\/fr\/\",\"name\":\"sirvoy.com\",\"description\":\"\",\"publisher\":{\"@id\":\"https:\/\/sirvoy.com\/fr\/#organization\"},\"potentialAction\":[{\"@type\":\"SearchAction\",\"target\":{\"@type\":\"EntryPoint\",\"urlTemplate\":\"https:\/\/sirvoy.com\/fr\/?s={search_term_string}\"},\"query-input\":{\"@type\":\"PropertyValueSpecification\",\"valueRequired\":true,\"valueName\":\"search_term_string\"}}],\"inLanguage\":\"fr-FR\"},{\"@type\":\"Organization\",\"@id\":\"https:\/\/sirvoy.com\/fr\/#organization\",\"name\":\"sirvoy.com\",\"url\":\"https:\/\/sirvoy.com\/fr\/\",\"logo\":{\"@type\":\"ImageObject\",\"inLanguage\":\"fr-FR\",\"@id\":\"https:\/\/sirvoy.com\/fr\/#\/schema\/logo\/image\/\",\"url\":\"https:\/\/sirvoy.com\/wp-content\/uploads\/2025\/07\/Sirvoy-Logo-RGB.svg\",\"contentUrl\":\"https:\/\/sirvoy.com\/wp-content\/uploads\/2025\/07\/Sirvoy-Logo-RGB.svg\",\"caption\":\"sirvoy.com\"},\"image\":{\"@id\":\"https:\/\/sirvoy.com\/fr\/#\/schema\/logo\/image\/\"}}]}<\/script>\n<!-- \/ Yoast SEO plugin. -->","yoast_head_json":{"title":"PMS gratuit pour h\u00f4tes individuels avec r\u00e9servations directes | Sirvoy","description":"Sirvoy Free offre aux h\u00f4tes individuels un PMS de confiance, un site Web de r\u00e9servation directe, des paiements intelligents et une communication claire avec les clients. Id\u00e9al pour les locations de type Airbnb et les locations d'une seule unit\u00e9.","robots":{"index":"index","follow":"follow","max-snippet":"max-snippet:-1","max-image-preview":"max-image-preview:large","max-video-preview":"max-video-preview:-1"},"canonical":"https:\/\/sirvoy.com\/fr\/sirvoy-free\/","og_locale":"fr_FR","og_type":"article","og_title":"PMS gratuit pour h\u00f4tes individuels avec r\u00e9servations directes | Sirvoy","og_description":"Sirvoy Free offre aux h\u00f4tes individuels un PMS de confiance, un site Web de r\u00e9servation directe, des paiements intelligents et une communication claire avec les clients. Id\u00e9al pour les locations de type Airbnb et les locations d'une seule unit\u00e9.","og_url":"https:\/\/sirvoy.com\/fr\/sirvoy-free\/","og_site_name":"sirvoy.com","article_modified_time":"2025-12-15T02:00:38+00:00","twitter_card":"summary_large_image","schema":{"@context":"https:\/\/schema.org","@graph":[{"@type":"WebPage","@id":"https:\/\/sirvoy.com\/fr\/sirvoy-free\/","url":"https:\/\/sirvoy.com\/fr\/sirvoy-free\/","name":"PMS gratuit pour h\u00f4tes individuels avec r\u00e9servations directes | Sirvoy","isPartOf":{"@id":"https:\/\/sirvoy.com\/fr\/#website"},"datePublished":"2025-12-11T13:44:46+00:00","dateModified":"2025-12-15T02:00:38+00:00","description":"Sirvoy Free offre aux h\u00f4tes individuels un PMS de confiance, un site Web de r\u00e9servation directe, des paiements intelligents et une communication claire avec les clients. Id\u00e9al pour les locations de type Airbnb et les locations d'une seule unit\u00e9.","breadcrumb":{"@id":"https:\/\/sirvoy.com\/fr\/sirvoy-free\/#breadcrumb"},"inLanguage":"fr-FR","potentialAction":[{"@type":"ReadAction","target":["https:\/\/sirvoy.com\/fr\/sirvoy-free\/"]}]},{"@type":"BreadcrumbList","@id":"https:\/\/sirvoy.com\/fr\/sirvoy-free\/#breadcrumb","itemListElement":[{"@type":"ListItem","position":1,"name":"Home","item":"https:\/\/sirvoy.com\/fr\/"},{"@type":"ListItem","position":2,"name":"Sirvoy Free"}]},{"@type":"WebSite","@id":"https:\/\/sirvoy.com\/fr\/#website","url":"https:\/\/sirvoy.com\/fr\/","name":"sirvoy.com","description":"","publisher":{"@id":"https:\/\/sirvoy.com\/fr\/#organization"},"potentialAction":[{"@type":"SearchAction","target":{"@type":"EntryPoint","urlTemplate":"https:\/\/sirvoy.com\/fr\/?s={search_term_string}"},"query-input":{"@type":"PropertyValueSpecification","valueRequired":true,"valueName":"search_term_string"}}],"inLanguage":"fr-FR"},{"@type":"Organization","@id":"https:\/\/sirvoy.com\/fr\/#organization","name":"sirvoy.com","url":"https:\/\/sirvoy.com\/fr\/","logo":{"@type":"ImageObject","inLanguage":"fr-FR","@id":"https:\/\/sirvoy.com\/fr\/#\/schema\/logo\/image\/","url":"https:\/\/sirvoy.com\/wp-content\/uploads\/2025\/07\/Sirvoy-Logo-RGB.svg","contentUrl":"https:\/\/sirvoy.com\/wp-content\/uploads\/2025\/07\/Sirvoy-Logo-RGB.svg","caption":"sirvoy.com"},"image":{"@id":"https:\/\/sirvoy.com\/fr\/#\/schema\/logo\/image\/"}}]}},"_links":{"self":[{"href":"https:\/\/sirvoy.com\/fr\/wp-json\/wp\/v2\/pages\/20417","targetHints":{"allow":["GET"]}}],"collection":[{"href":"https:\/\/sirvoy.com\/fr\/wp-json\/wp\/v2\/pages"}],"about":[{"href":"https:\/\/sirvoy.com\/fr\/wp-json\/wp\/v2\/types\/page"}],"author":[{"embeddable":true,"href":"https:\/\/sirvoy.com\/fr\/wp-json\/wp\/v2\/users\/11"}],"replies":[{"embeddable":true,"href":"https:\/\/sirvoy.com\/fr\/wp-json\/wp\/v2\/comments?post=20417"}],"version-history":[{"count":3,"href":"https:\/\/sirvoy.com\/fr\/wp-json\/wp\/v2\/pages\/20417\/revisions"}],"predecessor-version":[{"id":20889,"href":"https:\/\/sirvoy.com\/fr\/wp-json\/wp\/v2\/pages\/20417\/revisions\/20889"}],"wp:attachment":[{"href":"https:\/\/sirvoy.com\/fr\/wp-json\/wp\/v2\/media?parent=20417"}],"curies":[{"name":"wp","href":"https:\/\/api.w.org\/{rel}","templated":true}]}}