{"id":12376,"date":"2024-12-18T14:31:41","date_gmt":"2024-12-18T14:31:41","guid":{"rendered":"https:\/\/sirvoy.com\/contact\/"},"modified":"2026-03-04T17:05:50","modified_gmt":"2026-03-04T17:05:50","slug":"contact","status":"publish","type":"page","link":"https:\/\/sirvoy.com\/fr\/contact\/","title":{"rendered":"Contactez-nous"},"content":{"rendered":"\r\n<p>This is a page with some basic contact information, such as an address and phone number. You might also try a plugin to add a contact form.<\/p>\r\n","protected":false},"excerpt":{"rendered":"<p>This is a page with some basic contact information, such as an address and phone number. You might also try a plugin to add a contact form.<\/p>\n","protected":false},"author":1,"featured_media":0,"parent":0,"menu_order":0,"comment_status":"closed","ping_status":"closed","template":"","meta":{"_acf_changed":false,"inline_featured_image":false,"footnotes":""},"class_list":["post-12376","page","type-page","status-publish","hentry","entry"],"acf":[],"yoast_head":"<!-- This site is optimized with the Yoast SEO plugin v27.1.1 - https:\/\/yoast.com\/product\/yoast-seo-wordpress\/ -->\n<title>Contactez l&#039;assistance Sirvoy | Assistance mondiale 24h\/24<\/title>\n<meta name=\"description\" content=\"Contactez notre \u00e9quipe d&#039;assistance amicale \u00e0 tout moment. Nous sommes l\u00e0 pour vous aider avec vos questions, commentaires ou assistance.\" \/>\n<meta name=\"robots\" content=\"index, follow, max-snippet:-1, max-image-preview:large, max-video-preview:-1\" \/>\n<link rel=\"canonical\" href=\"https:\/\/sirvoy.com\/fr\/contact\/\" \/>\n<meta property=\"og:locale\" content=\"fr_FR\" \/>\n<meta property=\"og:type\" content=\"article\" \/>\n<meta property=\"og:title\" content=\"Contactez l&#039;assistance Sirvoy | Assistance mondiale 24h\/24\" \/>\n<meta property=\"og:description\" content=\"Contactez notre \u00e9quipe d&#039;assistance amicale \u00e0 tout moment. Nous sommes l\u00e0 pour vous aider avec vos questions, commentaires ou assistance.\" \/>\n<meta property=\"og:url\" content=\"https:\/\/sirvoy.com\/fr\/contact\/\" \/>\n<meta property=\"og:site_name\" content=\"sirvoy.com\" \/>\n<meta property=\"article:modified_time\" content=\"2026-03-04T17:05:50+00:00\" \/>\n<meta name=\"twitter:card\" content=\"summary_large_image\" \/>\n<meta name=\"twitter:label1\" content=\"Dur\u00e9e de lecture estim\u00e9e\" \/>\n\t<meta name=\"twitter:data1\" content=\"1 minute\" \/>\n<script type=\"application\/ld+json\" class=\"yoast-schema-graph\">{\"@context\":\"https:\/\/schema.org\",\"@graph\":[{\"@type\":\"WebPage\",\"@id\":\"https:\/\/sirvoy.com\/fr\/contact\/\",\"url\":\"https:\/\/sirvoy.com\/fr\/contact\/\",\"name\":\"Contactez l'assistance Sirvoy | Assistance mondiale 24h\/24\",\"isPartOf\":{\"@id\":\"https:\/\/sirvoy.com\/fr\/#website\"},\"datePublished\":\"2024-12-18T14:31:41+00:00\",\"dateModified\":\"2026-03-04T17:05:50+00:00\",\"description\":\"Contactez notre \u00e9quipe d'assistance amicale \u00e0 tout moment. Nous sommes l\u00e0 pour vous aider avec vos questions, commentaires ou assistance.\",\"breadcrumb\":{\"@id\":\"https:\/\/sirvoy.com\/fr\/contact\/#breadcrumb\"},\"inLanguage\":\"fr-FR\",\"potentialAction\":[{\"@type\":\"ReadAction\",\"target\":[\"https:\/\/sirvoy.com\/fr\/contact\/\"]}]},{\"@type\":\"BreadcrumbList\",\"@id\":\"https:\/\/sirvoy.com\/fr\/contact\/#breadcrumb\",\"itemListElement\":[{\"@type\":\"ListItem\",\"position\":1,\"name\":\"Home\",\"item\":\"https:\/\/sirvoy.com\/fr\/\"},{\"@type\":\"ListItem\",\"position\":2,\"name\":\"Contactez-nous\"}]},{\"@type\":\"WebSite\",\"@id\":\"https:\/\/sirvoy.com\/fr\/#website\",\"url\":\"https:\/\/sirvoy.com\/fr\/\",\"name\":\"sirvoy.com\",\"description\":\"\",\"publisher\":{\"@id\":\"https:\/\/sirvoy.com\/fr\/#organization\"},\"potentialAction\":[{\"@type\":\"SearchAction\",\"target\":{\"@type\":\"EntryPoint\",\"urlTemplate\":\"https:\/\/sirvoy.com\/fr\/?s={search_term_string}\"},\"query-input\":{\"@type\":\"PropertyValueSpecification\",\"valueRequired\":true,\"valueName\":\"search_term_string\"}}],\"inLanguage\":\"fr-FR\"},{\"@type\":\"Organization\",\"@id\":\"https:\/\/sirvoy.com\/fr\/#organization\",\"name\":\"sirvoy.com\",\"url\":\"https:\/\/sirvoy.com\/fr\/\",\"logo\":{\"@type\":\"ImageObject\",\"inLanguage\":\"fr-FR\",\"@id\":\"https:\/\/sirvoy.com\/fr\/#\/schema\/logo\/image\/\",\"url\":\"https:\/\/sirvoy.com\/wp-content\/uploads\/2025\/07\/Sirvoy-Logo-RGB.svg\",\"contentUrl\":\"https:\/\/sirvoy.com\/wp-content\/uploads\/2025\/07\/Sirvoy-Logo-RGB.svg\",\"caption\":\"sirvoy.com\"},\"image\":{\"@id\":\"https:\/\/sirvoy.com\/fr\/#\/schema\/logo\/image\/\"}}]}<\/script>\n<!-- \/ Yoast SEO plugin. -->","yoast_head_json":{"title":"Contactez l'assistance Sirvoy | Assistance mondiale 24h\/24","description":"Contactez notre \u00e9quipe d'assistance amicale \u00e0 tout moment. Nous sommes l\u00e0 pour vous aider avec vos questions, commentaires ou assistance.","robots":{"index":"index","follow":"follow","max-snippet":"max-snippet:-1","max-image-preview":"max-image-preview:large","max-video-preview":"max-video-preview:-1"},"canonical":"https:\/\/sirvoy.com\/fr\/contact\/","og_locale":"fr_FR","og_type":"article","og_title":"Contactez l'assistance Sirvoy | Assistance mondiale 24h\/24","og_description":"Contactez notre \u00e9quipe d'assistance amicale \u00e0 tout moment. Nous sommes l\u00e0 pour vous aider avec vos questions, commentaires ou assistance.","og_url":"https:\/\/sirvoy.com\/fr\/contact\/","og_site_name":"sirvoy.com","article_modified_time":"2026-03-04T17:05:50+00:00","twitter_card":"summary_large_image","twitter_misc":{"Dur\u00e9e de lecture estim\u00e9e":"1 minute"},"schema":{"@context":"https:\/\/schema.org","@graph":[{"@type":"WebPage","@id":"https:\/\/sirvoy.com\/fr\/contact\/","url":"https:\/\/sirvoy.com\/fr\/contact\/","name":"Contactez l'assistance Sirvoy | Assistance mondiale 24h\/24","isPartOf":{"@id":"https:\/\/sirvoy.com\/fr\/#website"},"datePublished":"2024-12-18T14:31:41+00:00","dateModified":"2026-03-04T17:05:50+00:00","description":"Contactez notre \u00e9quipe d'assistance amicale \u00e0 tout moment. Nous sommes l\u00e0 pour vous aider avec vos questions, commentaires ou assistance.","breadcrumb":{"@id":"https:\/\/sirvoy.com\/fr\/contact\/#breadcrumb"},"inLanguage":"fr-FR","potentialAction":[{"@type":"ReadAction","target":["https:\/\/sirvoy.com\/fr\/contact\/"]}]},{"@type":"BreadcrumbList","@id":"https:\/\/sirvoy.com\/fr\/contact\/#breadcrumb","itemListElement":[{"@type":"ListItem","position":1,"name":"Home","item":"https:\/\/sirvoy.com\/fr\/"},{"@type":"ListItem","position":2,"name":"Contactez-nous"}]},{"@type":"WebSite","@id":"https:\/\/sirvoy.com\/fr\/#website","url":"https:\/\/sirvoy.com\/fr\/","name":"sirvoy.com","description":"","publisher":{"@id":"https:\/\/sirvoy.com\/fr\/#organization"},"potentialAction":[{"@type":"SearchAction","target":{"@type":"EntryPoint","urlTemplate":"https:\/\/sirvoy.com\/fr\/?s={search_term_string}"},"query-input":{"@type":"PropertyValueSpecification","valueRequired":true,"valueName":"search_term_string"}}],"inLanguage":"fr-FR"},{"@type":"Organization","@id":"https:\/\/sirvoy.com\/fr\/#organization","name":"sirvoy.com","url":"https:\/\/sirvoy.com\/fr\/","logo":{"@type":"ImageObject","inLanguage":"fr-FR","@id":"https:\/\/sirvoy.com\/fr\/#\/schema\/logo\/image\/","url":"https:\/\/sirvoy.com\/wp-content\/uploads\/2025\/07\/Sirvoy-Logo-RGB.svg","contentUrl":"https:\/\/sirvoy.com\/wp-content\/uploads\/2025\/07\/Sirvoy-Logo-RGB.svg","caption":"sirvoy.com"},"image":{"@id":"https:\/\/sirvoy.com\/fr\/#\/schema\/logo\/image\/"}}]}},"_links":{"self":[{"href":"https:\/\/sirvoy.com\/fr\/wp-json\/wp\/v2\/pages\/12376","targetHints":{"allow":["GET"]}}],"collection":[{"href":"https:\/\/sirvoy.com\/fr\/wp-json\/wp\/v2\/pages"}],"about":[{"href":"https:\/\/sirvoy.com\/fr\/wp-json\/wp\/v2\/types\/page"}],"author":[{"embeddable":true,"href":"https:\/\/sirvoy.com\/fr\/wp-json\/wp\/v2\/users\/1"}],"replies":[{"embeddable":true,"href":"https:\/\/sirvoy.com\/fr\/wp-json\/wp\/v2\/comments?post=12376"}],"version-history":[{"count":8,"href":"https:\/\/sirvoy.com\/fr\/wp-json\/wp\/v2\/pages\/12376\/revisions"}],"predecessor-version":[{"id":22386,"href":"https:\/\/sirvoy.com\/fr\/wp-json\/wp\/v2\/pages\/12376\/revisions\/22386"}],"wp:attachment":[{"href":"https:\/\/sirvoy.com\/fr\/wp-json\/wp\/v2\/media?parent=12376"}],"curies":[{"name":"wp","href":"https:\/\/api.w.org\/{rel}","templated":true}]}}