{"id":14075,"date":"2025-03-28T11:56:02","date_gmt":"2025-03-28T11:56:02","guid":{"rendered":"https:\/\/sirvoy.com\/success-stories\/"},"modified":"2025-10-24T03:06:51","modified_gmt":"2025-10-24T03:06:51","slug":"menestystarinat","status":"publish","type":"page","link":"https:\/\/sirvoy.com\/fi\/menestystarinat\/","title":{"rendered":"Asiakastarinat"},"content":{"rendered":"<p>&nbsp;<\/p>\n<p>&nbsp;<\/p>\n","protected":false},"excerpt":{"rendered":"<p>&nbsp; &nbsp;<\/p>\n","protected":false},"author":3,"featured_media":0,"parent":0,"menu_order":0,"comment_status":"closed","ping_status":"closed","template":"","meta":{"_acf_changed":false,"inline_featured_image":false,"footnotes":""},"class_list":["post-14075","page","type-page","status-publish","hentry","entry"],"acf":[],"yoast_head":"<!-- This site is optimized with the Yoast SEO plugin v27.1.1 - https:\/\/yoast.com\/product\/yoast-seo-wordpress\/ -->\n<title>N\u00e4e miten Sirvoy auttaa yrityksi\u00e4 menestym\u00e4\u00e4n | Sirvoy<\/title>\n<meta name=\"description\" content=\"Tutustu siihen, miten majoitusliikkeet kehitt\u00e4v\u00e4t toimintaansa ja s\u00e4\u00e4st\u00e4v\u00e4t aikaa Sirvoyn avulla.\" \/>\n<meta name=\"robots\" content=\"index, follow, max-snippet:-1, max-image-preview:large, max-video-preview:-1\" \/>\n<link rel=\"canonical\" href=\"https:\/\/sirvoy.com\/fi\/menestystarinat\/\" \/>\n<meta property=\"og:locale\" content=\"fi_FI\" \/>\n<meta property=\"og:type\" content=\"article\" \/>\n<meta property=\"og:title\" content=\"N\u00e4e miten Sirvoy auttaa yrityksi\u00e4 menestym\u00e4\u00e4n | Sirvoy\" \/>\n<meta property=\"og:description\" content=\"Tutustu siihen, miten majoitusliikkeet kehitt\u00e4v\u00e4t toimintaansa ja s\u00e4\u00e4st\u00e4v\u00e4t aikaa Sirvoyn avulla.\" \/>\n<meta property=\"og:url\" content=\"https:\/\/sirvoy.com\/fi\/menestystarinat\/\" \/>\n<meta property=\"og:site_name\" content=\"sirvoy.com\" \/>\n<meta property=\"article:modified_time\" content=\"2025-10-24T03:06:51+00:00\" \/>\n<meta name=\"twitter:card\" content=\"summary_large_image\" \/>\n<script type=\"application\/ld+json\" class=\"yoast-schema-graph\">{\"@context\":\"https:\/\/schema.org\",\"@graph\":[{\"@type\":\"WebPage\",\"@id\":\"https:\/\/sirvoy.com\/fi\/menestystarinat\/\",\"url\":\"https:\/\/sirvoy.com\/fi\/menestystarinat\/\",\"name\":\"N\u00e4e miten Sirvoy auttaa yrityksi\u00e4 menestym\u00e4\u00e4n | Sirvoy\",\"isPartOf\":{\"@id\":\"https:\/\/sirvoy.com\/fi\/#website\"},\"datePublished\":\"2025-03-28T11:56:02+00:00\",\"dateModified\":\"2025-10-24T03:06:51+00:00\",\"description\":\"Tutustu siihen, miten majoitusliikkeet kehitt\u00e4v\u00e4t toimintaansa ja s\u00e4\u00e4st\u00e4v\u00e4t aikaa Sirvoyn avulla.\",\"breadcrumb\":{\"@id\":\"https:\/\/sirvoy.com\/fi\/menestystarinat\/#breadcrumb\"},\"inLanguage\":\"fi\",\"potentialAction\":[{\"@type\":\"ReadAction\",\"target\":[\"https:\/\/sirvoy.com\/fi\/menestystarinat\/\"]}]},{\"@type\":\"BreadcrumbList\",\"@id\":\"https:\/\/sirvoy.com\/fi\/menestystarinat\/#breadcrumb\",\"itemListElement\":[{\"@type\":\"ListItem\",\"position\":1,\"name\":\"Home\",\"item\":\"https:\/\/sirvoy.com\/fi\/\"},{\"@type\":\"ListItem\",\"position\":2,\"name\":\"Asiakastarinat\"}]},{\"@type\":\"WebSite\",\"@id\":\"https:\/\/sirvoy.com\/fi\/#website\",\"url\":\"https:\/\/sirvoy.com\/fi\/\",\"name\":\"sirvoy.com\",\"description\":\"\",\"publisher\":{\"@id\":\"https:\/\/sirvoy.com\/fi\/#organization\"},\"potentialAction\":[{\"@type\":\"SearchAction\",\"target\":{\"@type\":\"EntryPoint\",\"urlTemplate\":\"https:\/\/sirvoy.com\/fi\/?s={search_term_string}\"},\"query-input\":{\"@type\":\"PropertyValueSpecification\",\"valueRequired\":true,\"valueName\":\"search_term_string\"}}],\"inLanguage\":\"fi\"},{\"@type\":\"Organization\",\"@id\":\"https:\/\/sirvoy.com\/fi\/#organization\",\"name\":\"sirvoy.com\",\"url\":\"https:\/\/sirvoy.com\/fi\/\",\"logo\":{\"@type\":\"ImageObject\",\"inLanguage\":\"fi\",\"@id\":\"https:\/\/sirvoy.com\/fi\/#\/schema\/logo\/image\/\",\"url\":\"https:\/\/sirvoy.com\/wp-content\/uploads\/2025\/07\/Sirvoy-Logo-RGB.svg\",\"contentUrl\":\"https:\/\/sirvoy.com\/wp-content\/uploads\/2025\/07\/Sirvoy-Logo-RGB.svg\",\"caption\":\"sirvoy.com\"},\"image\":{\"@id\":\"https:\/\/sirvoy.com\/fi\/#\/schema\/logo\/image\/\"}}]}<\/script>\n<!-- \/ Yoast SEO plugin. -->","yoast_head_json":{"title":"N\u00e4e miten Sirvoy auttaa yrityksi\u00e4 menestym\u00e4\u00e4n | Sirvoy","description":"Tutustu siihen, miten majoitusliikkeet kehitt\u00e4v\u00e4t toimintaansa ja s\u00e4\u00e4st\u00e4v\u00e4t aikaa Sirvoyn avulla.","robots":{"index":"index","follow":"follow","max-snippet":"max-snippet:-1","max-image-preview":"max-image-preview:large","max-video-preview":"max-video-preview:-1"},"canonical":"https:\/\/sirvoy.com\/fi\/menestystarinat\/","og_locale":"fi_FI","og_type":"article","og_title":"N\u00e4e miten Sirvoy auttaa yrityksi\u00e4 menestym\u00e4\u00e4n | Sirvoy","og_description":"Tutustu siihen, miten majoitusliikkeet kehitt\u00e4v\u00e4t toimintaansa ja s\u00e4\u00e4st\u00e4v\u00e4t aikaa Sirvoyn avulla.","og_url":"https:\/\/sirvoy.com\/fi\/menestystarinat\/","og_site_name":"sirvoy.com","article_modified_time":"2025-10-24T03:06:51+00:00","twitter_card":"summary_large_image","schema":{"@context":"https:\/\/schema.org","@graph":[{"@type":"WebPage","@id":"https:\/\/sirvoy.com\/fi\/menestystarinat\/","url":"https:\/\/sirvoy.com\/fi\/menestystarinat\/","name":"N\u00e4e miten Sirvoy auttaa yrityksi\u00e4 menestym\u00e4\u00e4n | Sirvoy","isPartOf":{"@id":"https:\/\/sirvoy.com\/fi\/#website"},"datePublished":"2025-03-28T11:56:02+00:00","dateModified":"2025-10-24T03:06:51+00:00","description":"Tutustu siihen, miten majoitusliikkeet kehitt\u00e4v\u00e4t toimintaansa ja s\u00e4\u00e4st\u00e4v\u00e4t aikaa Sirvoyn avulla.","breadcrumb":{"@id":"https:\/\/sirvoy.com\/fi\/menestystarinat\/#breadcrumb"},"inLanguage":"fi","potentialAction":[{"@type":"ReadAction","target":["https:\/\/sirvoy.com\/fi\/menestystarinat\/"]}]},{"@type":"BreadcrumbList","@id":"https:\/\/sirvoy.com\/fi\/menestystarinat\/#breadcrumb","itemListElement":[{"@type":"ListItem","position":1,"name":"Home","item":"https:\/\/sirvoy.com\/fi\/"},{"@type":"ListItem","position":2,"name":"Asiakastarinat"}]},{"@type":"WebSite","@id":"https:\/\/sirvoy.com\/fi\/#website","url":"https:\/\/sirvoy.com\/fi\/","name":"sirvoy.com","description":"","publisher":{"@id":"https:\/\/sirvoy.com\/fi\/#organization"},"potentialAction":[{"@type":"SearchAction","target":{"@type":"EntryPoint","urlTemplate":"https:\/\/sirvoy.com\/fi\/?s={search_term_string}"},"query-input":{"@type":"PropertyValueSpecification","valueRequired":true,"valueName":"search_term_string"}}],"inLanguage":"fi"},{"@type":"Organization","@id":"https:\/\/sirvoy.com\/fi\/#organization","name":"sirvoy.com","url":"https:\/\/sirvoy.com\/fi\/","logo":{"@type":"ImageObject","inLanguage":"fi","@id":"https:\/\/sirvoy.com\/fi\/#\/schema\/logo\/image\/","url":"https:\/\/sirvoy.com\/wp-content\/uploads\/2025\/07\/Sirvoy-Logo-RGB.svg","contentUrl":"https:\/\/sirvoy.com\/wp-content\/uploads\/2025\/07\/Sirvoy-Logo-RGB.svg","caption":"sirvoy.com"},"image":{"@id":"https:\/\/sirvoy.com\/fi\/#\/schema\/logo\/image\/"}}]}},"_links":{"self":[{"href":"https:\/\/sirvoy.com\/fi\/wp-json\/wp\/v2\/pages\/14075","targetHints":{"allow":["GET"]}}],"collection":[{"href":"https:\/\/sirvoy.com\/fi\/wp-json\/wp\/v2\/pages"}],"about":[{"href":"https:\/\/sirvoy.com\/fi\/wp-json\/wp\/v2\/types\/page"}],"author":[{"embeddable":true,"href":"https:\/\/sirvoy.com\/fi\/wp-json\/wp\/v2\/users\/3"}],"replies":[{"embeddable":true,"href":"https:\/\/sirvoy.com\/fi\/wp-json\/wp\/v2\/comments?post=14075"}],"version-history":[{"count":8,"href":"https:\/\/sirvoy.com\/fi\/wp-json\/wp\/v2\/pages\/14075\/revisions"}],"predecessor-version":[{"id":18946,"href":"https:\/\/sirvoy.com\/fi\/wp-json\/wp\/v2\/pages\/14075\/revisions\/18946"}],"wp:attachment":[{"href":"https:\/\/sirvoy.com\/fi\/wp-json\/wp\/v2\/media?parent=14075"}],"curies":[{"name":"wp","href":"https:\/\/api.w.org\/{rel}","templated":true}]}}