{"id":11410,"date":"2024-12-18T14:31:41","date_gmt":"2024-12-18T14:31:41","guid":{"rendered":"https:\/\/sirvoy.com\/about\/"},"modified":"2025-11-04T01:28:45","modified_gmt":"2025-11-04T01:28:45","slug":"sobre-nosotros","status":"publish","type":"page","link":"https:\/\/sirvoy.com\/es\/sobre-nosotros\/","title":{"rendered":"Sobre nosotros"},"content":{"rendered":"\r\n<p>You might be an artist who would like to introduce yourself and your work here or maybe you are a business with a mission to describe.<\/p>\r\n","protected":false},"excerpt":{"rendered":"<p>You might be an artist who would like to introduce yourself and your work here or maybe you are a business with a mission to describe.<\/p>\n","protected":false},"author":1,"featured_media":0,"parent":0,"menu_order":0,"comment_status":"closed","ping_status":"closed","template":"","meta":{"_acf_changed":false,"inline_featured_image":false,"footnotes":""},"class_list":["post-11410","page","type-page","status-publish","hentry","entry"],"acf":[],"yoast_head":"<!-- This site is optimized with the Yoast SEO plugin v27.1.1 - https:\/\/yoast.com\/product\/yoast-seo-wordpress\/ -->\n<title>Nuestra historia | Software hotelero Sirvoy<\/title>\n<meta name=\"description\" content=\"Meta Description: De un hostal fmiliar en Suecia a una plataforma global confiable en m\u00e1s de 140 pa\u00edses: descubre la historia detr\u00e1s del software hotelero centrado en las personas de Sirvoy.\" \/>\n<meta name=\"robots\" content=\"index, follow, max-snippet:-1, max-image-preview:large, max-video-preview:-1\" \/>\n<link rel=\"canonical\" href=\"https:\/\/sirvoy.com\/es\/sobre-nosotros\/\" \/>\n<meta property=\"og:locale\" content=\"es_ES\" \/>\n<meta property=\"og:type\" content=\"article\" \/>\n<meta property=\"og:title\" content=\"Nuestra historia | Software hotelero Sirvoy\" \/>\n<meta property=\"og:description\" content=\"Meta Description: De un hostal fmiliar en Suecia a una plataforma global confiable en m\u00e1s de 140 pa\u00edses: descubre la historia detr\u00e1s del software hotelero centrado en las personas de Sirvoy.\" \/>\n<meta property=\"og:url\" content=\"https:\/\/sirvoy.com\/es\/sobre-nosotros\/\" \/>\n<meta property=\"og:site_name\" content=\"sirvoy.com\" \/>\n<meta property=\"article:modified_time\" content=\"2025-11-04T01:28:45+00:00\" \/>\n<meta name=\"twitter:card\" content=\"summary_large_image\" \/>\n<meta name=\"twitter:label1\" content=\"Tiempo de lectura\" \/>\n\t<meta name=\"twitter:data1\" content=\"1 minuto\" \/>\n<script type=\"application\/ld+json\" class=\"yoast-schema-graph\">{\"@context\":\"https:\/\/schema.org\",\"@graph\":[{\"@type\":\"WebPage\",\"@id\":\"https:\/\/sirvoy.com\/es\/sobre-nosotros\/\",\"url\":\"https:\/\/sirvoy.com\/es\/sobre-nosotros\/\",\"name\":\"Nuestra historia | Software hotelero Sirvoy\",\"isPartOf\":{\"@id\":\"https:\/\/sirvoy.com\/es\/#website\"},\"datePublished\":\"2024-12-18T14:31:41+00:00\",\"dateModified\":\"2025-11-04T01:28:45+00:00\",\"description\":\"Meta Description: De un hostal fmiliar en Suecia a una plataforma global confiable en m\u00e1s de 140 pa\u00edses: descubre la historia detr\u00e1s del software hotelero centrado en las personas de Sirvoy.\",\"breadcrumb\":{\"@id\":\"https:\/\/sirvoy.com\/es\/sobre-nosotros\/#breadcrumb\"},\"inLanguage\":\"es\",\"potentialAction\":[{\"@type\":\"ReadAction\",\"target\":[\"https:\/\/sirvoy.com\/es\/sobre-nosotros\/\"]}]},{\"@type\":\"BreadcrumbList\",\"@id\":\"https:\/\/sirvoy.com\/es\/sobre-nosotros\/#breadcrumb\",\"itemListElement\":[{\"@type\":\"ListItem\",\"position\":1,\"name\":\"Home\",\"item\":\"https:\/\/sirvoy.com\/es\/\"},{\"@type\":\"ListItem\",\"position\":2,\"name\":\"Sobre nosotros\"}]},{\"@type\":\"WebSite\",\"@id\":\"https:\/\/sirvoy.com\/es\/#website\",\"url\":\"https:\/\/sirvoy.com\/es\/\",\"name\":\"sirvoy.com\",\"description\":\"\",\"publisher\":{\"@id\":\"https:\/\/sirvoy.com\/es\/#organization\"},\"potentialAction\":[{\"@type\":\"SearchAction\",\"target\":{\"@type\":\"EntryPoint\",\"urlTemplate\":\"https:\/\/sirvoy.com\/es\/?s={search_term_string}\"},\"query-input\":{\"@type\":\"PropertyValueSpecification\",\"valueRequired\":true,\"valueName\":\"search_term_string\"}}],\"inLanguage\":\"es\"},{\"@type\":\"Organization\",\"@id\":\"https:\/\/sirvoy.com\/es\/#organization\",\"name\":\"sirvoy.com\",\"url\":\"https:\/\/sirvoy.com\/es\/\",\"logo\":{\"@type\":\"ImageObject\",\"inLanguage\":\"es\",\"@id\":\"https:\/\/sirvoy.com\/es\/#\/schema\/logo\/image\/\",\"url\":\"https:\/\/sirvoy.com\/wp-content\/uploads\/2025\/07\/Sirvoy-Logo-RGB.svg\",\"contentUrl\":\"https:\/\/sirvoy.com\/wp-content\/uploads\/2025\/07\/Sirvoy-Logo-RGB.svg\",\"caption\":\"sirvoy.com\"},\"image\":{\"@id\":\"https:\/\/sirvoy.com\/es\/#\/schema\/logo\/image\/\"}}]}<\/script>\n<!-- \/ Yoast SEO plugin. -->","yoast_head_json":{"title":"Nuestra historia | Software hotelero Sirvoy","description":"Meta Description: De un hostal fmiliar en Suecia a una plataforma global confiable en m\u00e1s de 140 pa\u00edses: descubre la historia detr\u00e1s del software hotelero centrado en las personas de Sirvoy.","robots":{"index":"index","follow":"follow","max-snippet":"max-snippet:-1","max-image-preview":"max-image-preview:large","max-video-preview":"max-video-preview:-1"},"canonical":"https:\/\/sirvoy.com\/es\/sobre-nosotros\/","og_locale":"es_ES","og_type":"article","og_title":"Nuestra historia | Software hotelero Sirvoy","og_description":"Meta Description: De un hostal fmiliar en Suecia a una plataforma global confiable en m\u00e1s de 140 pa\u00edses: descubre la historia detr\u00e1s del software hotelero centrado en las personas de Sirvoy.","og_url":"https:\/\/sirvoy.com\/es\/sobre-nosotros\/","og_site_name":"sirvoy.com","article_modified_time":"2025-11-04T01:28:45+00:00","twitter_card":"summary_large_image","twitter_misc":{"Tiempo de lectura":"1 minuto"},"schema":{"@context":"https:\/\/schema.org","@graph":[{"@type":"WebPage","@id":"https:\/\/sirvoy.com\/es\/sobre-nosotros\/","url":"https:\/\/sirvoy.com\/es\/sobre-nosotros\/","name":"Nuestra historia | Software hotelero Sirvoy","isPartOf":{"@id":"https:\/\/sirvoy.com\/es\/#website"},"datePublished":"2024-12-18T14:31:41+00:00","dateModified":"2025-11-04T01:28:45+00:00","description":"Meta Description: De un hostal fmiliar en Suecia a una plataforma global confiable en m\u00e1s de 140 pa\u00edses: descubre la historia detr\u00e1s del software hotelero centrado en las personas de Sirvoy.","breadcrumb":{"@id":"https:\/\/sirvoy.com\/es\/sobre-nosotros\/#breadcrumb"},"inLanguage":"es","potentialAction":[{"@type":"ReadAction","target":["https:\/\/sirvoy.com\/es\/sobre-nosotros\/"]}]},{"@type":"BreadcrumbList","@id":"https:\/\/sirvoy.com\/es\/sobre-nosotros\/#breadcrumb","itemListElement":[{"@type":"ListItem","position":1,"name":"Home","item":"https:\/\/sirvoy.com\/es\/"},{"@type":"ListItem","position":2,"name":"Sobre nosotros"}]},{"@type":"WebSite","@id":"https:\/\/sirvoy.com\/es\/#website","url":"https:\/\/sirvoy.com\/es\/","name":"sirvoy.com","description":"","publisher":{"@id":"https:\/\/sirvoy.com\/es\/#organization"},"potentialAction":[{"@type":"SearchAction","target":{"@type":"EntryPoint","urlTemplate":"https:\/\/sirvoy.com\/es\/?s={search_term_string}"},"query-input":{"@type":"PropertyValueSpecification","valueRequired":true,"valueName":"search_term_string"}}],"inLanguage":"es"},{"@type":"Organization","@id":"https:\/\/sirvoy.com\/es\/#organization","name":"sirvoy.com","url":"https:\/\/sirvoy.com\/es\/","logo":{"@type":"ImageObject","inLanguage":"es","@id":"https:\/\/sirvoy.com\/es\/#\/schema\/logo\/image\/","url":"https:\/\/sirvoy.com\/wp-content\/uploads\/2025\/07\/Sirvoy-Logo-RGB.svg","contentUrl":"https:\/\/sirvoy.com\/wp-content\/uploads\/2025\/07\/Sirvoy-Logo-RGB.svg","caption":"sirvoy.com"},"image":{"@id":"https:\/\/sirvoy.com\/es\/#\/schema\/logo\/image\/"}}]}},"_links":{"self":[{"href":"https:\/\/sirvoy.com\/es\/wp-json\/wp\/v2\/pages\/11410","targetHints":{"allow":["GET"]}}],"collection":[{"href":"https:\/\/sirvoy.com\/es\/wp-json\/wp\/v2\/pages"}],"about":[{"href":"https:\/\/sirvoy.com\/es\/wp-json\/wp\/v2\/types\/page"}],"author":[{"embeddable":true,"href":"https:\/\/sirvoy.com\/es\/wp-json\/wp\/v2\/users\/1"}],"replies":[{"embeddable":true,"href":"https:\/\/sirvoy.com\/es\/wp-json\/wp\/v2\/comments?post=11410"}],"version-history":[{"count":14,"href":"https:\/\/sirvoy.com\/es\/wp-json\/wp\/v2\/pages\/11410\/revisions"}],"predecessor-version":[{"id":19054,"href":"https:\/\/sirvoy.com\/es\/wp-json\/wp\/v2\/pages\/11410\/revisions\/19054"}],"wp:attachment":[{"href":"https:\/\/sirvoy.com\/es\/wp-json\/wp\/v2\/media?parent=11410"}],"curies":[{"name":"wp","href":"https:\/\/api.w.org\/{rel}","templated":true}]}}