{"id":7858,"date":"2025-04-11T11:09:43","date_gmt":"2025-04-11T11:09:43","guid":{"rendered":"https:\/\/sirvoy.com\/booking-engine\/"},"modified":"2025-12-03T01:13:39","modified_gmt":"2025-12-03T01:13:39","slug":"buchungsformular","status":"publish","type":"page","link":"https:\/\/sirvoy.com\/de\/buchungsformular\/","title":{"rendered":"Buchungsformular"},"content":{"rendered":"","protected":false},"excerpt":{"rendered":"","protected":false},"author":4,"featured_media":0,"parent":0,"menu_order":0,"comment_status":"closed","ping_status":"closed","template":"","meta":{"_acf_changed":false,"inline_featured_image":false,"footnotes":""},"class_list":["post-7858","page","type-page","status-publish","hentry","entry"],"acf":[],"yoast_head":"<!-- This site is optimized with the Yoast SEO plugin v27.1.1 - https:\/\/yoast.com\/product\/yoast-seo-wordpress\/ -->\n<title>Mehr Direktbuchungen ohne Provision erhalten<\/title>\n<meta name=\"description\" content=\"F\u00fcgen Sie die Buchungsmaschine von Sirvoy in wenigen Minuten zu Ihrer Website oder Facebook-Seite hinzu und erm\u00f6glichen Sie G\u00e4sten, direkt zu buchen. Sie ist einfach zu bedienen und der kl\u00fcgste Weg, Ihren Umsatz zu steigern, indem Sie Provisionsgeb\u00fchren und teure Drittanbieter-Plattformen umgehen.\" \/>\n<meta name=\"robots\" content=\"index, follow, max-snippet:-1, max-image-preview:large, max-video-preview:-1\" \/>\n<link rel=\"canonical\" href=\"https:\/\/sirvoy.com\/de\/buchungsformular\/\" \/>\n<meta property=\"og:locale\" content=\"de_DE\" \/>\n<meta property=\"og:type\" content=\"article\" \/>\n<meta property=\"og:title\" content=\"Mehr Direktbuchungen ohne Provision erhalten\" \/>\n<meta property=\"og:description\" content=\"F\u00fcgen Sie die Buchungsmaschine von Sirvoy in wenigen Minuten zu Ihrer Website oder Facebook-Seite hinzu und erm\u00f6glichen Sie G\u00e4sten, direkt zu buchen. Sie ist einfach zu bedienen und der kl\u00fcgste Weg, Ihren Umsatz zu steigern, indem Sie Provisionsgeb\u00fchren und teure Drittanbieter-Plattformen umgehen.\" \/>\n<meta property=\"og:url\" content=\"https:\/\/sirvoy.com\/de\/buchungsformular\/\" \/>\n<meta property=\"og:site_name\" content=\"sirvoy.com\" \/>\n<meta property=\"article:modified_time\" content=\"2025-12-03T01:13:39+00:00\" \/>\n<meta name=\"twitter:card\" content=\"summary_large_image\" \/>\n<script type=\"application\/ld+json\" class=\"yoast-schema-graph\">{\"@context\":\"https:\/\/schema.org\",\"@graph\":[{\"@type\":\"WebPage\",\"@id\":\"https:\/\/sirvoy.com\/de\/buchungsformular\/\",\"url\":\"https:\/\/sirvoy.com\/de\/buchungsformular\/\",\"name\":\"Mehr Direktbuchungen ohne Provision erhalten\",\"isPartOf\":{\"@id\":\"https:\/\/sirvoy.com\/de\/#website\"},\"datePublished\":\"2025-04-11T11:09:43+00:00\",\"dateModified\":\"2025-12-03T01:13:39+00:00\",\"description\":\"F\u00fcgen Sie die Buchungsmaschine von Sirvoy in wenigen Minuten zu Ihrer Website oder Facebook-Seite hinzu und erm\u00f6glichen Sie G\u00e4sten, direkt zu buchen. Sie ist einfach zu bedienen und der kl\u00fcgste Weg, Ihren Umsatz zu steigern, indem Sie Provisionsgeb\u00fchren und teure Drittanbieter-Plattformen umgehen.\",\"breadcrumb\":{\"@id\":\"https:\/\/sirvoy.com\/de\/buchungsformular\/#breadcrumb\"},\"inLanguage\":\"de\",\"potentialAction\":[{\"@type\":\"ReadAction\",\"target\":[\"https:\/\/sirvoy.com\/de\/buchungsformular\/\"]}]},{\"@type\":\"BreadcrumbList\",\"@id\":\"https:\/\/sirvoy.com\/de\/buchungsformular\/#breadcrumb\",\"itemListElement\":[{\"@type\":\"ListItem\",\"position\":1,\"name\":\"Home\",\"item\":\"https:\/\/sirvoy.com\/de\/\"},{\"@type\":\"ListItem\",\"position\":2,\"name\":\"Buchungsformular\"}]},{\"@type\":\"WebSite\",\"@id\":\"https:\/\/sirvoy.com\/de\/#website\",\"url\":\"https:\/\/sirvoy.com\/de\/\",\"name\":\"sirvoy.com\",\"description\":\"\",\"publisher\":{\"@id\":\"https:\/\/sirvoy.com\/de\/#organization\"},\"potentialAction\":[{\"@type\":\"SearchAction\",\"target\":{\"@type\":\"EntryPoint\",\"urlTemplate\":\"https:\/\/sirvoy.com\/de\/?s={search_term_string}\"},\"query-input\":{\"@type\":\"PropertyValueSpecification\",\"valueRequired\":true,\"valueName\":\"search_term_string\"}}],\"inLanguage\":\"de\"},{\"@type\":\"Organization\",\"@id\":\"https:\/\/sirvoy.com\/de\/#organization\",\"name\":\"sirvoy.com\",\"url\":\"https:\/\/sirvoy.com\/de\/\",\"logo\":{\"@type\":\"ImageObject\",\"inLanguage\":\"de\",\"@id\":\"https:\/\/sirvoy.com\/de\/#\/schema\/logo\/image\/\",\"url\":\"https:\/\/sirvoy.com\/wp-content\/uploads\/2025\/07\/Sirvoy-Logo-RGB.svg\",\"contentUrl\":\"https:\/\/sirvoy.com\/wp-content\/uploads\/2025\/07\/Sirvoy-Logo-RGB.svg\",\"caption\":\"sirvoy.com\"},\"image\":{\"@id\":\"https:\/\/sirvoy.com\/de\/#\/schema\/logo\/image\/\"}}]}<\/script>\n<!-- \/ Yoast SEO plugin. -->","yoast_head_json":{"title":"Mehr Direktbuchungen ohne Provision erhalten","description":"F\u00fcgen Sie die Buchungsmaschine von Sirvoy in wenigen Minuten zu Ihrer Website oder Facebook-Seite hinzu und erm\u00f6glichen Sie G\u00e4sten, direkt zu buchen. Sie ist einfach zu bedienen und der kl\u00fcgste Weg, Ihren Umsatz zu steigern, indem Sie Provisionsgeb\u00fchren und teure Drittanbieter-Plattformen umgehen.","robots":{"index":"index","follow":"follow","max-snippet":"max-snippet:-1","max-image-preview":"max-image-preview:large","max-video-preview":"max-video-preview:-1"},"canonical":"https:\/\/sirvoy.com\/de\/buchungsformular\/","og_locale":"de_DE","og_type":"article","og_title":"Mehr Direktbuchungen ohne Provision erhalten","og_description":"F\u00fcgen Sie die Buchungsmaschine von Sirvoy in wenigen Minuten zu Ihrer Website oder Facebook-Seite hinzu und erm\u00f6glichen Sie G\u00e4sten, direkt zu buchen. Sie ist einfach zu bedienen und der kl\u00fcgste Weg, Ihren Umsatz zu steigern, indem Sie Provisionsgeb\u00fchren und teure Drittanbieter-Plattformen umgehen.","og_url":"https:\/\/sirvoy.com\/de\/buchungsformular\/","og_site_name":"sirvoy.com","article_modified_time":"2025-12-03T01:13:39+00:00","twitter_card":"summary_large_image","schema":{"@context":"https:\/\/schema.org","@graph":[{"@type":"WebPage","@id":"https:\/\/sirvoy.com\/de\/buchungsformular\/","url":"https:\/\/sirvoy.com\/de\/buchungsformular\/","name":"Mehr Direktbuchungen ohne Provision erhalten","isPartOf":{"@id":"https:\/\/sirvoy.com\/de\/#website"},"datePublished":"2025-04-11T11:09:43+00:00","dateModified":"2025-12-03T01:13:39+00:00","description":"F\u00fcgen Sie die Buchungsmaschine von Sirvoy in wenigen Minuten zu Ihrer Website oder Facebook-Seite hinzu und erm\u00f6glichen Sie G\u00e4sten, direkt zu buchen. Sie ist einfach zu bedienen und der kl\u00fcgste Weg, Ihren Umsatz zu steigern, indem Sie Provisionsgeb\u00fchren und teure Drittanbieter-Plattformen umgehen.","breadcrumb":{"@id":"https:\/\/sirvoy.com\/de\/buchungsformular\/#breadcrumb"},"inLanguage":"de","potentialAction":[{"@type":"ReadAction","target":["https:\/\/sirvoy.com\/de\/buchungsformular\/"]}]},{"@type":"BreadcrumbList","@id":"https:\/\/sirvoy.com\/de\/buchungsformular\/#breadcrumb","itemListElement":[{"@type":"ListItem","position":1,"name":"Home","item":"https:\/\/sirvoy.com\/de\/"},{"@type":"ListItem","position":2,"name":"Buchungsformular"}]},{"@type":"WebSite","@id":"https:\/\/sirvoy.com\/de\/#website","url":"https:\/\/sirvoy.com\/de\/","name":"sirvoy.com","description":"","publisher":{"@id":"https:\/\/sirvoy.com\/de\/#organization"},"potentialAction":[{"@type":"SearchAction","target":{"@type":"EntryPoint","urlTemplate":"https:\/\/sirvoy.com\/de\/?s={search_term_string}"},"query-input":{"@type":"PropertyValueSpecification","valueRequired":true,"valueName":"search_term_string"}}],"inLanguage":"de"},{"@type":"Organization","@id":"https:\/\/sirvoy.com\/de\/#organization","name":"sirvoy.com","url":"https:\/\/sirvoy.com\/de\/","logo":{"@type":"ImageObject","inLanguage":"de","@id":"https:\/\/sirvoy.com\/de\/#\/schema\/logo\/image\/","url":"https:\/\/sirvoy.com\/wp-content\/uploads\/2025\/07\/Sirvoy-Logo-RGB.svg","contentUrl":"https:\/\/sirvoy.com\/wp-content\/uploads\/2025\/07\/Sirvoy-Logo-RGB.svg","caption":"sirvoy.com"},"image":{"@id":"https:\/\/sirvoy.com\/de\/#\/schema\/logo\/image\/"}}]}},"_links":{"self":[{"href":"https:\/\/sirvoy.com\/de\/wp-json\/wp\/v2\/pages\/7858","targetHints":{"allow":["GET"]}}],"collection":[{"href":"https:\/\/sirvoy.com\/de\/wp-json\/wp\/v2\/pages"}],"about":[{"href":"https:\/\/sirvoy.com\/de\/wp-json\/wp\/v2\/types\/page"}],"author":[{"embeddable":true,"href":"https:\/\/sirvoy.com\/de\/wp-json\/wp\/v2\/users\/4"}],"replies":[{"embeddable":true,"href":"https:\/\/sirvoy.com\/de\/wp-json\/wp\/v2\/comments?post=7858"}],"version-history":[{"count":12,"href":"https:\/\/sirvoy.com\/de\/wp-json\/wp\/v2\/pages\/7858\/revisions"}],"predecessor-version":[{"id":20443,"href":"https:\/\/sirvoy.com\/de\/wp-json\/wp\/v2\/pages\/7858\/revisions\/20443"}],"wp:attachment":[{"href":"https:\/\/sirvoy.com\/de\/wp-json\/wp\/v2\/media?parent=7858"}],"curies":[{"name":"wp","href":"https:\/\/api.w.org\/{rel}","templated":true}]}}